{"id":50324,"date":"2017-12-05T15:27:06","date_gmt":"2017-12-05T15:27:06","guid":{"rendered":"https:\/\/juliazieschang.de\/?page_id=50324"},"modified":"2026-04-08T22:13:21","modified_gmt":"2026-04-08T20:13:21","slug":"impressum","status":"publish","type":"page","link":"https:\/\/juliazieschang.de\/en\/impressum","title":{"rendered":"Site Notice"},"content":{"rendered":"<p>[et_pb_section fb_built=&#8220;1&#8243; admin_label=&#8220;Hero Section&#8220; _builder_version=&#8220;4.16&#8243; background_color=&#8220;#ffffff&#8220; background_color_gradient_direction=&#8220;131deg&#8220; custom_padding=&#8220;50px|0px||0px&#8220; animation_direction=&#8220;top&#8220; global_colors_info=&#8220;{}&#8220;][et_pb_row _builder_version=&#8220;4.16&#8243; custom_padding=&#8220;|||&#8220; custom_width_px=&#8220;1440px&#8220; global_colors_info=&#8220;{}&#8220;][et_pb_column type=&#8220;4_4&#8243; _builder_version=&#8220;4.16&#8243; custom_padding=&#8220;|||&#8220; global_colors_info=&#8220;{}&#8220; custom_padding__hover=&#8220;|||&#8220;][et_pb_text admin_label=&#8220;Impressum&#8220; _builder_version=&#8220;4.16&#8243; header_font_size=&#8220;42&#8243; background_image=&#8220;https:\/\/juliazieschang.de\/wp-content\/uploads\/2017\/12\/feder4.png&#8220; background_size=&#8220;contain&#8220; background_position=&#8220;bottom_center&#8220; custom_padding=&#8220;||30px|&#8220; header_font_size_tablet=&#8220;28&#8243; header_font_size_phone=&#8220;&#8220; header_font_size_last_edited=&#8220;on|phone&#8220; locked=&#8220;off&#8220; global_colors_info=&#8220;{}&#8220;]<\/p>\n<h1 style=\"text-align: center;\">Impressum<\/h1>\n<p>[\/et_pb_text][\/et_pb_column][\/et_pb_row][et_pb_row admin_label=&#8220;row&#8220; _builder_version=&#8220;4.16&#8243; background_size=&#8220;initial&#8220; background_position=&#8220;top_left&#8220; background_repeat=&#8220;repeat&#8220; global_colors_info=&#8220;{}&#8220;][et_pb_column type=&#8220;4_4&#8243; _builder_version=&#8220;4.16&#8243; custom_padding=&#8220;|||&#8220; global_colors_info=&#8220;{}&#8220; custom_padding__hover=&#8220;|||&#8220;][et_pb_text _builder_version=&#8220;4.27.6&#8243; background_size=&#8220;initial&#8220; background_position=&#8220;top_left&#8220; background_repeat=&#8220;repeat&#8220; hover_enabled=&#8220;0&#8243; global_colors_info=&#8220;{}&#8220; sticky_enabled=&#8220;0&#8243;]<\/p>\n<p>Julia Zieschang<br \/>c\/o Autorengl\u00fcck #32690<br \/>Albert-Einstein-Stra\u00dfe 47<br \/>02977 Hoyerswerda <\/p>\n<p><strong>Kontakt<\/strong><\/p>\n<p>Telefon: 089\/92139386<br \/>E-Mail: <a href=\"javascript:secureDecryptAndNavigate('XPqZ\/4BmDT9yqDpnL0fQIJgnE3RxgcY5EZjXFm4f4+3FX5hfJokkSAs\/aNn11LpuTSeK+IFctBVKsCBB2\/HRBZYLpnvjOeR0AdZcI6UMpZU=', '3fb60ee86632cb428d10ab1954ae0ba73494bb82bcfba646f7f1faf49217aa0b')\">&#107;&#111;&#110;&#116;&#97;k&#116;&#64;j&#117;&#108;i&#97;&#122;ies&#99;&#104;&#97;ng&#46;&#100;e<\/a><\/p>\n<p><strong>Umsatzsteuer-ID<\/strong><\/p>\n<p>Umsatzsteuer-Identifikationsnummer gem\u00e4\u00df \u00a727 a Umsatzsteuergesetz:\u00a0<span style=\"font-size: 14px;\">DE313951925<\/span><\/p>\n<p><strong>Redaktionell verantwortlich<\/strong><\/p>\n<p>Julia Zieschang<br \/>c\/o Autorengl\u00fcck #32690<br \/>Albert-Einstein-Stra\u00dfe 47<br \/>02977 Hoyerswerda <\/p>\n<p><strong>Konzept und Design<\/strong><\/p>\n<p>Melina und Timon Royer, <a href=\"https:\/\/vanilla-mind.de\">vanilla-mind.de<\/a><\/p>\n<h3>Streitschlichtung<\/h3>\n<p>Wir sind nicht bereit oder verpflichtet, an Streitbeilegungsverfahren vor einer Verbraucherschlichtungsstelle teilzunehmen.<\/p>\n<h3>Urheberrecht<\/h3>\n<p>Die durch die Seitenbetreiber erstellten Inhalte und Werke auf diesen Seiten unterliegen dem deutschen Urheberrecht. Die Vervielf\u00e4ltigung, Bearbeitung, Verbreitung und jede Art der Verwertung au\u00dferhalb der Grenzen des Urheberrechtes bed\u00fcrfen der schriftlichen Zustimmung des jeweiligen Autors bzw. Erstellers. Downloads und Kopien dieser Seite sind nur f\u00fcr den privaten, nicht kommerziellen Gebrauch gestattet.<\/p>\n<p>Soweit die Inhalte auf dieser Seite nicht vom Betreiber erstellt wurden, werden die Urheberrechte Dritter beachtet. Insbesondere werden Inhalte Dritter als solche gekennzeichnet. Sollten Sie trotzdem auf eine Urheberrechtsverletzung aufmerksam werden, bitten wir um einen entsprechenden Hinweis. Bei Bekanntwerden von Rechtsverletzungen werden wir derartige Inhalte umgehend entfernen.<\/p>\n<p><strong>F\u00fcr den Besuch auf dieser Website gelten die <a href=\"https:\/\/juliazieschang.de\/datenschutz\">Datenschutzbestimmungen<\/a>.<\/strong><\/p>\n<p>[\/et_pb_text][\/et_pb_column][\/et_pb_row][\/et_pb_section]<\/p>\n","protected":false},"excerpt":{"rendered":"<p>Impressum Julia Zieschangc\/o Autorengl\u00fcck #32690Albert-Einstein-Stra\u00dfe 4702977 Hoyerswerda Kontakt Telefon: 089\/92139386E-Mail: k&#111;&#110;&#116;a&#107;&#116;&#64;j&#117;l&#105;az&#105;e&#115;&#99;h&#97;&#110;g.&#100;&#101; Umsatzsteuer-ID Umsatzsteuer-Identifikationsnummer gem\u00e4\u00df \u00a727 a Umsatzsteuergesetz:\u00a0DE313951925 Redaktionell verantwortlich Julia Zieschangc\/o Autorengl\u00fcck #32690Albert-Einstein-Stra\u00dfe 4702977 Hoyerswerda Konzept und Design Melina und Timon Royer, vanilla-mind.de Streitschlichtung Wir sind nicht bereit oder verpflichtet, an Streitbeilegungsverfahren vor einer Verbraucherschlichtungsstelle teilzunehmen. Urheberrecht Die durch die Seitenbetreiber erstellten Inhalte und Werke [&hellip;]<\/p>\n","protected":false},"author":1,"featured_media":51465,"parent":0,"menu_order":0,"comment_status":"closed","ping_status":"closed","template":"","meta":{"_et_pb_use_builder":"on","_et_pb_old_content":"<h2>Angaben gem\u00e4\u00df \u00a7 5 TMG:<\/h2>\r\nJulia Zieschang\r\n[Stra\u00dfe Nr]\r\n[PLZ Ort]\r\n<h2>Kontakt:<\/h2>\r\nE-Mail: zieschang.julia@gmail.com\r\n<h2>Umsatzsteuer:<\/h2>\r\nUmsatzsteuer-Identifikationsnummer gem\u00e4\u00df \u00a727 a Umsatzsteuergesetz:\r\nDE313951925\r\n<h2>Verantwortlich f\u00fcr den Inhalt nach \u00a7 55 Abs. 2 RStV:<\/h2>\r\nJulia Zieschang\r\n[Stra\u00dfe Nr]\r\n[PLZ Ort]\r\n<h2>Streitschlichtung<\/h2>\r\nWir sind nicht bereit oder verpflichtet, an Streitbeilegungsverfahren vor einer Verbraucherschlichtungsstelle teilzunehmen.\r\n\r\nQuelle: <a href=\"https:\/\/www.e- recht24.de\/impressum-generator.html\">https:\/\/www.e-recht24.de\/impressum-generator.html<\/a>","_et_gb_content_width":"","footnotes":""},"class_list":["post-50324","page","type-page","status-publish","has-post-thumbnail","hentry"],"yoast_head":"<!-- This site is optimized with the Yoast SEO plugin v27.3 - https:\/\/yoast.com\/product\/yoast-seo-wordpress\/ -->\n<title>Impressum - Julia Zieschang<\/title>\n<meta name=\"robots\" content=\"noindex, follow\" \/>\n<meta property=\"og:locale\" content=\"en_US\" \/>\n<meta property=\"og:type\" content=\"article\" \/>\n<meta property=\"og:title\" content=\"Impressum - Julia Zieschang\" \/>\n<meta property=\"og:description\" content=\"Impressum Julia Zieschangc\/o Autorengl\u00fcck #32690Albert-Einstein-Stra\u00dfe 4702977 Hoyerswerda Kontakt Telefon: 089\/92139386E-Mail: kontakt@juliazieschang.de Umsatzsteuer-ID Umsatzsteuer-Identifikationsnummer gem\u00e4\u00df \u00a727 a Umsatzsteuergesetz:\u00a0DE313951925 Redaktionell verantwortlich Julia Zieschangc\/o Autorengl\u00fcck #32690Albert-Einstein-Stra\u00dfe 4702977 Hoyerswerda Konzept und Design Melina und Timon Royer, vanilla-mind.de Streitschlichtung Wir sind nicht bereit oder verpflichtet, an Streitbeilegungsverfahren vor einer Verbraucherschlichtungsstelle teilzunehmen. Urheberrecht Die durch die Seitenbetreiber erstellten Inhalte und Werke [&hellip;]\" \/>\n<meta property=\"og:url\" content=\"https:\/\/juliazieschang.de\/en\/impressum\/\" \/>\n<meta property=\"og:site_name\" content=\"Julia Zieschang\" \/>\n<meta property=\"article:modified_time\" content=\"2026-04-08T20:13:21+00:00\" \/>\n<meta property=\"og:image\" content=\"https:\/\/juliazieschang.de\/wp-content\/uploads\/2021\/04\/Website-1-scaled-e1617744074563.jpg\" \/>\n\t<meta property=\"og:image:width\" content=\"2560\" \/>\n\t<meta property=\"og:image:height\" content=\"1593\" \/>\n\t<meta property=\"og:image:type\" content=\"image\/jpeg\" \/>\n<meta name=\"twitter:card\" content=\"summary_large_image\" \/>\n<meta name=\"twitter:label1\" content=\"Est. reading time\" \/>\n\t<meta name=\"twitter:data1\" content=\"2 minutes\" \/>\n<script type=\"application\/ld+json\" class=\"yoast-schema-graph\">{\"@context\":\"https:\\\/\\\/schema.org\",\"@graph\":[{\"@type\":\"WebPage\",\"@id\":\"https:\\\/\\\/juliazieschang.de\\\/impressum\",\"url\":\"https:\\\/\\\/juliazieschang.de\\\/impressum\",\"name\":\"Impressum - Julia Zieschang\",\"isPartOf\":{\"@id\":\"https:\\\/\\\/juliazieschang.de\\\/#website\"},\"primaryImageOfPage\":{\"@id\":\"https:\\\/\\\/juliazieschang.de\\\/impressum#primaryimage\"},\"image\":{\"@id\":\"https:\\\/\\\/juliazieschang.de\\\/impressum#primaryimage\"},\"thumbnailUrl\":\"https:\\\/\\\/juliazieschang.de\\\/wp-content\\\/uploads\\\/2021\\\/04\\\/Website-1-scaled-e1617744074563.jpg\",\"datePublished\":\"2017-12-05T15:27:06+00:00\",\"dateModified\":\"2026-04-08T20:13:21+00:00\",\"breadcrumb\":{\"@id\":\"https:\\\/\\\/juliazieschang.de\\\/impressum#breadcrumb\"},\"inLanguage\":\"en-US\",\"potentialAction\":[{\"@type\":\"ReadAction\",\"target\":[\"https:\\\/\\\/juliazieschang.de\\\/impressum\"]}]},{\"@type\":\"ImageObject\",\"inLanguage\":\"en-US\",\"@id\":\"https:\\\/\\\/juliazieschang.de\\\/impressum#primaryimage\",\"url\":\"https:\\\/\\\/juliazieschang.de\\\/wp-content\\\/uploads\\\/2021\\\/04\\\/Website-1-scaled-e1617744074563.jpg\",\"contentUrl\":\"https:\\\/\\\/juliazieschang.de\\\/wp-content\\\/uploads\\\/2021\\\/04\\\/Website-1-scaled-e1617744074563.jpg\",\"width\":2560,\"height\":1593,\"caption\":\"Julia Zieschang\"},{\"@type\":\"BreadcrumbList\",\"@id\":\"https:\\\/\\\/juliazieschang.de\\\/impressum#breadcrumb\",\"itemListElement\":[{\"@type\":\"ListItem\",\"position\":1,\"name\":\"Home\",\"item\":\"https:\\\/\\\/juliazieschang.de\\\/\"},{\"@type\":\"ListItem\",\"position\":2,\"name\":\"Impressum\"}]},{\"@type\":\"WebSite\",\"@id\":\"https:\\\/\\\/juliazieschang.de\\\/#website\",\"url\":\"https:\\\/\\\/juliazieschang.de\\\/\",\"name\":\"Julia Zieschang\",\"description\":\"Autorin romantischer Fantasyromane und humorvoller Jugendb\u00fccher\",\"potentialAction\":[{\"@type\":\"SearchAction\",\"target\":{\"@type\":\"EntryPoint\",\"urlTemplate\":\"https:\\\/\\\/juliazieschang.de\\\/?s={search_term_string}\"},\"query-input\":{\"@type\":\"PropertyValueSpecification\",\"valueRequired\":true,\"valueName\":\"search_term_string\"}}],\"inLanguage\":\"en-US\"}]}<\/script>\n<!-- \/ Yoast SEO plugin. -->","yoast_head_json":{"title":"Impressum - Julia Zieschang","robots":{"index":"noindex","follow":"follow"},"og_locale":"en_US","og_type":"article","og_title":"Impressum - Julia Zieschang","og_description":"Impressum Julia Zieschangc\/o Autorengl\u00fcck #32690Albert-Einstein-Stra\u00dfe 4702977 Hoyerswerda Kontakt Telefon: 089\/92139386E-Mail: kontakt@juliazieschang.de Umsatzsteuer-ID Umsatzsteuer-Identifikationsnummer gem\u00e4\u00df \u00a727 a Umsatzsteuergesetz:\u00a0DE313951925 Redaktionell verantwortlich Julia Zieschangc\/o Autorengl\u00fcck #32690Albert-Einstein-Stra\u00dfe 4702977 Hoyerswerda Konzept und Design Melina und Timon Royer, vanilla-mind.de Streitschlichtung Wir sind nicht bereit oder verpflichtet, an Streitbeilegungsverfahren vor einer Verbraucherschlichtungsstelle teilzunehmen. Urheberrecht Die durch die Seitenbetreiber erstellten Inhalte und Werke [&hellip;]","og_url":"https:\/\/juliazieschang.de\/en\/impressum\/","og_site_name":"Julia Zieschang","article_modified_time":"2026-04-08T20:13:21+00:00","og_image":[{"width":2560,"height":1593,"url":"https:\/\/juliazieschang.de\/wp-content\/uploads\/2021\/04\/Website-1-scaled-e1617744074563.jpg","type":"image\/jpeg"}],"twitter_card":"summary_large_image","twitter_misc":{"Est. reading time":"2 minutes"},"schema":{"@context":"https:\/\/schema.org","@graph":[{"@type":"WebPage","@id":"https:\/\/juliazieschang.de\/impressum","url":"https:\/\/juliazieschang.de\/impressum","name":"Impressum - Julia Zieschang","isPartOf":{"@id":"https:\/\/juliazieschang.de\/#website"},"primaryImageOfPage":{"@id":"https:\/\/juliazieschang.de\/impressum#primaryimage"},"image":{"@id":"https:\/\/juliazieschang.de\/impressum#primaryimage"},"thumbnailUrl":"https:\/\/juliazieschang.de\/wp-content\/uploads\/2021\/04\/Website-1-scaled-e1617744074563.jpg","datePublished":"2017-12-05T15:27:06+00:00","dateModified":"2026-04-08T20:13:21+00:00","breadcrumb":{"@id":"https:\/\/juliazieschang.de\/impressum#breadcrumb"},"inLanguage":"en-US","potentialAction":[{"@type":"ReadAction","target":["https:\/\/juliazieschang.de\/impressum"]}]},{"@type":"ImageObject","inLanguage":"en-US","@id":"https:\/\/juliazieschang.de\/impressum#primaryimage","url":"https:\/\/juliazieschang.de\/wp-content\/uploads\/2021\/04\/Website-1-scaled-e1617744074563.jpg","contentUrl":"https:\/\/juliazieschang.de\/wp-content\/uploads\/2021\/04\/Website-1-scaled-e1617744074563.jpg","width":2560,"height":1593,"caption":"Julia Zieschang"},{"@type":"BreadcrumbList","@id":"https:\/\/juliazieschang.de\/impressum#breadcrumb","itemListElement":[{"@type":"ListItem","position":1,"name":"Home","item":"https:\/\/juliazieschang.de\/"},{"@type":"ListItem","position":2,"name":"Impressum"}]},{"@type":"WebSite","@id":"https:\/\/juliazieschang.de\/#website","url":"https:\/\/juliazieschang.de\/","name":"Julia Zieschang","description":"Autorin romantischer Fantasyromane und humorvoller Jugendb\u00fccher","potentialAction":[{"@type":"SearchAction","target":{"@type":"EntryPoint","urlTemplate":"https:\/\/juliazieschang.de\/?s={search_term_string}"},"query-input":{"@type":"PropertyValueSpecification","valueRequired":true,"valueName":"search_term_string"}}],"inLanguage":"en-US"}]}},"_links":{"self":[{"href":"https:\/\/juliazieschang.de\/en\/wp-json\/wp\/v2\/pages\/50324","targetHints":{"allow":["GET"]}}],"collection":[{"href":"https:\/\/juliazieschang.de\/en\/wp-json\/wp\/v2\/pages"}],"about":[{"href":"https:\/\/juliazieschang.de\/en\/wp-json\/wp\/v2\/types\/page"}],"author":[{"embeddable":true,"href":"https:\/\/juliazieschang.de\/en\/wp-json\/wp\/v2\/users\/1"}],"replies":[{"embeddable":true,"href":"https:\/\/juliazieschang.de\/en\/wp-json\/wp\/v2\/comments?post=50324"}],"version-history":[{"count":3,"href":"https:\/\/juliazieschang.de\/en\/wp-json\/wp\/v2\/pages\/50324\/revisions"}],"predecessor-version":[{"id":51982,"href":"https:\/\/juliazieschang.de\/en\/wp-json\/wp\/v2\/pages\/50324\/revisions\/51982"}],"wp:featuredmedia":[{"embeddable":true,"href":"https:\/\/juliazieschang.de\/en\/wp-json\/wp\/v2\/media\/51465"}],"wp:attachment":[{"href":"https:\/\/juliazieschang.de\/en\/wp-json\/wp\/v2\/media?parent=50324"}],"curies":[{"name":"wp","href":"https:\/\/api.w.org\/{rel}","templated":true}]}}