{"id":50397,"date":"2017-12-05T22:20:03","date_gmt":"2017-12-05T21:20:03","guid":{"rendered":"https:\/\/juliazieschang.de\/?page_id=50397"},"modified":"2017-12-20T13:50:58","modified_gmt":"2017-12-20T12:50:58","slug":"blog","status":"publish","type":"page","link":"https:\/\/juliazieschang.de\/en\/blog","title":{"rendered":"Blog"},"content":{"rendered":"<p>[et_pb_section bb_built=&#8220;1&#8243; admin_label=&#8220;Hero Section&#8220; _builder_version=&#8220;3.0.91&#8243; background_color_gradient_start=&#8220;#ff6a88&#8243; background_color_gradient_end=&#8220;#ff99ac&#8220; background_color_gradient_direction=&#8220;131deg&#8220; custom_padding=&#8220;50px|0px||0px&#8220; animation_direction=&#8220;top&#8220; animation_intensity_slide=&#8220;2%&#8220; animation_starting_opacity=&#8220;100%&#8220; background_color=&#8220;#ffffff&#8220;][et_pb_row custom_width_px=&#8220;1440px&#8220; custom_padding=&#8220;|||&#8220; _builder_version=&#8220;3.0.92&#8243;][et_pb_column type=&#8220;4_4&#8243;][et_pb_text admin_label=&#8220;Blog&#8220; _builder_version=&#8220;3.0.92&#8243; locked=&#8220;off&#8220; background_layout=&#8220;light&#8220; header_font_size=&#8220;42px&#8220; background_size=&#8220;contain&#8220; background_position=&#8220;bottom_center&#8220; background_image=&#8220;https:\/\/juliazieschang.de\/wp-content\/uploads\/2017\/12\/feder4.png&#8220; custom_padding=&#8220;||30px|&#8220; header_font_size_tablet=&#8220;28&#8243; header_font_size_last_edited=&#8220;on|phone&#8220;]<\/p>\n<h1 style=\"text-align: center;\">Blog<\/h1>\n<p>[\/et_pb_text][\/et_pb_column][\/et_pb_row][et_pb_row _builder_version=&#8220;3.0.78&#8243; background_size=&#8220;initial&#8220; background_position=&#8220;top_left&#8220; background_repeat=&#8220;repeat&#8220;][et_pb_column type=&#8220;4_4&#8243;][et_pb_text _builder_version=&#8220;3.0.91&#8243; text_line_height=&#8220;2em&#8220; background_layout=&#8220;light&#8220;]<\/p>\n<p style=\"text-align: center;\">Hier schreibe ich f\u00fcr dich regelm\u00e4\u00dfig \u00fcber spannende<br \/>\nHintergrundinformationen und Aktuelles zu meinen Romanen.<\/p>\n<p>[\/et_pb_text][\/et_pb_column][\/et_pb_row][et_pb_row _builder_version=&#8220;3.0.84&#8243; background_size=&#8220;initial&#8220; background_position=&#8220;top_left&#8220; background_repeat=&#8220;repeat&#8220;][et_pb_column type=&#8220;4_4&#8243;][et_pb_blog admin_label=&#8220;Blog Posts&#8220; fullwidth=&#8220;off&#8220; posts_number=&#8220;9&#8243; _builder_version=&#8220;3.0.90&#8243; header_line_height=&#8220;1.5em&#8220; body_font=&#8220;Poppins||||||||&#8220; body_line_height=&#8220;2em&#8220; meta_font=&#8220;|||on|||||&#8220; meta_font_size=&#8220;13px&#8220; meta_text_color=&#8220;rgba(161,122,112,0.5)&#8220; meta_line_height=&#8220;2em&#8220; use_border_color=&#8220;on&#8220; box_shadow_color=&#8220;rgba(51,51,51,0.2)&#8220; border_color_all_fullwidth=&#8220;#d8d8d8&#8243; show_content=&#8220;off&#8220; show_thumbnail=&#8220;on&#8220; show_more=&#8220;off&#8220; show_author=&#8220;on&#8220; show_date=&#8220;on&#8220; show_categories=&#8220;off&#8220; show_comments=&#8220;off&#8220; show_pagination=&#8220;on&#8220; use_dropshadow=&#8220;off&#8220; use_overlay=&#8220;off&#8220; background_layout=&#8220;light&#8220; pagination_font_size_tablet=&#8220;51&#8243; pagination_line_height_tablet=&#8220;2&#8243; header_text_align=&#8220;center&#8220; header_letter_spacing=&#8220;2px&#8220; body_text_align=&#8220;center&#8220; meta_text_align=&#8220;center&#8220; meta_letter_spacing=&#8220;2px&#8220; header_font_size=&#8220;22&#8243; border_width_all=&#8220;0px&#8220; box_shadow_style=&#8220;preset1&#8243; \/][\/et_pb_column][\/et_pb_row][\/et_pb_section][et_pb_section bb_built=&#8220;1&#8243; _builder_version=&#8220;3.0.90&#8243; background_size=&#8220;contain&#8220; background_position=&#8220;bottom_right&#8220; background_color=&#8220;rgba(231,190,183,0.1)&#8220; custom_margin=&#8220;0px|||&#8220; custom_padding=&#8220;0px|||&#8220;][et_pb_row _builder_version=&#8220;3.0.78&#8243; background_size=&#8220;initial&#8220; background_position=&#8220;top_left&#8220; background_repeat=&#8220;repeat&#8220;][et_pb_column type=&#8220;4_4&#8243;][et_pb_text _builder_version=&#8220;3.0.90&#8243; header_2_text_align=&#8220;center&#8220; header_2_line_height=&#8220;1.5em&#8220; background_size=&#8220;contain&#8220; module_alignment=&#8220;center&#8220; custom_margin=&#8220;50px||10px|&#8220; background_image=&#8220;https:\/\/juliazieschang.de\/wp-content\/uploads\/2017\/12\/brushstroke.png&#8220; background_layout=&#8220;light&#8220;]<\/p>\n<h2>Aktuelles<\/h2>\n<p>[\/et_pb_text][\/et_pb_column][\/et_pb_row][et_pb_row background_color_1=&#8220;#e7beb7&#8243; background_color_2=&#8220;#e7beb7&#8243; background_color_3=&#8220;#e7beb7&#8243; _builder_version=&#8220;3.0.90&#8243; custom_margin=&#8220;||50px|&#8220;][et_pb_column type=&#8220;1_3&#8243;][et_pb_blurb admin_label=&#8220;Blog&#8220; title=&#8220;B\u00fccher&#8220; url=&#8220;https:\/\/juliazieschang.de\/buecher&#8220; background_layout=&#8220;dark&#8220; _builder_version=&#8220;3.0.90&#8243; header_level=&#8220;h1&#8243; text_orientation=&#8220;center&#8220; custom_padding=&#8220;70px|0px|70px|0px&#8220; url_new_window=&#8220;off&#8220; use_icon=&#8220;on&#8220; use_circle=&#8220;off&#8220; use_circle_border=&#8220;off&#8220; icon_placement=&#8220;top&#8220; use_icon_font_size=&#8220;on&#8220; custom_margin=&#8220;15px|15px|15px|15px&#8220; border_radii=&#8220;on|0px|0px|0px|0px&#8220; border_width_all=&#8220;2px&#8220; border_color_all=&#8220;#ffffff&#8220; border_color_all_image=&#8220;#ffffff&#8220; font_icon=&#8220;%%127%%&#8220; circle_color=&#8220;#ffffff&#8220; icon_color=&#8220;#ffffff&#8220; icon_font_size=&#8220;50px&#8220; animation=&#8220;off&#8220; \/][\/et_pb_column][et_pb_column type=&#8220;1_3&#8243;][et_pb_blurb admin_label=&#8220;Termine&#8220; title=&#8220;Termine&#8220; url=&#8220;https:\/\/juliazieschang.de\/termine&#8220; background_layout=&#8220;dark&#8220; _builder_version=&#8220;3.0.90&#8243; header_level=&#8220;h1&#8243; text_orientation=&#8220;center&#8220; custom_padding=&#8220;70px|0px|70px|0px&#8220; url_new_window=&#8220;off&#8220; use_icon=&#8220;on&#8220; use_circle=&#8220;off&#8220; use_circle_border=&#8220;off&#8220; icon_placement=&#8220;top&#8220; use_icon_font_size=&#8220;on&#8220; custom_margin=&#8220;15px|15px|15px|15px&#8220; border_radii=&#8220;on|0px|0px|0px|0px&#8220; border_width_all=&#8220;2px&#8220; border_color_all=&#8220;#ffffff&#8220; border_color_all_image=&#8220;#ffffff&#8220; font_icon=&#8220;%%130%%&#8220; circle_color=&#8220;#ffffff&#8220; icon_color=&#8220;#ffffff&#8220; icon_font_size=&#8220;50px&#8220; animation=&#8220;off&#8220; \/][\/et_pb_column][et_pb_column type=&#8220;1_3&#8243;][et_pb_blurb admin_label=&#8220;FAQ&#8220; title=&#8220;FAQ&#8220; url=&#8220;https:\/\/juliazieschang.de\/faq&#8220; background_layout=&#8220;dark&#8220; _builder_version=&#8220;3.0.90&#8243; header_level=&#8220;h1&#8243; text_orientation=&#8220;center&#8220; custom_padding=&#8220;70px|0px|70px|0px&#8220; url_new_window=&#8220;off&#8220; use_icon=&#8220;on&#8220; use_circle=&#8220;off&#8220; use_circle_border=&#8220;off&#8220; icon_placement=&#8220;top&#8220; use_icon_font_size=&#8220;on&#8220; custom_margin=&#8220;15px|15px|15px|15px&#8220; border_radii=&#8220;on|0px|0px|0px|0px&#8220; border_width_all=&#8220;2px&#8220; border_color_all=&#8220;#ffffff&#8220; border_color_all_image=&#8220;#ffffff&#8220; font_icon=&#8220;%%101%%&#8220; circle_color=&#8220;#ffffff&#8220; icon_color=&#8220;#ffffff&#8220; icon_font_size=&#8220;50px&#8220; animation=&#8220;off&#8220; \/][\/et_pb_column][\/et_pb_row][\/et_pb_section][et_pb_section bb_built=&#8220;1&#8243; background_color=&#8220;#504f5d&#8220; _builder_version=&#8220;3.0.92&#8243;][et_pb_row _builder_version=&#8220;3.0.92&#8243; background_size=&#8220;initial&#8220; background_position=&#8220;top_left&#8220; background_repeat=&#8220;repeat&#8220; global_module=&#8220;50977&#8243;][et_pb_column type=&#8220;4_4&#8243;][et_pb_text admin_label=&#8220;Autoren-Newsletter&#8220; global_parent=&#8220;29&#8243; background_layout=&#8220;dark&#8220; _builder_version=&#8220;3.0.92&#8243; text_line_height=&#8220;2em&#8220;]<\/p>\n<h2 class=\"p1\" style=\"text-align: center;\">Autoren-Newsletter<\/h2>\n<p>[\/et_pb_text][et_pb_signup admin_label=&#8220;Newsletter Sign-up&#8220; global_parent=&#8220;29&#8243; activecampaign_list=&#8220;|none&#8220; aweber_list=&#8220;|none&#8220; campaign_monitor_list=&#8220;|none&#8220; constant_contact_list=&#8220;|none&#8220; convertkit_list=&#8220;|none&#8220; emma_list=&#8220;|none&#8220; feedblitz_list=&#8220;|none&#8220; getresponse_list=&#8220;|none&#8220; hubspot_list=&#8220;|none&#8220; icontact_list=&#8220;|none&#8220; infusionsoft_list=&#8220;|none&#8220; madmimi_list=&#8220;|none&#8220; mailchimp_list=&#8220;Julia Zieschang|1f070c2b8d&#8220; mailerlite_list=&#8220;|none&#8220; mailpoet_list=&#8220;|none&#8220; mailster_list=&#8220;|none&#8220; ontraport_list=&#8220;|none&#8220; salesforce_list=&#8220;|none&#8220; sendinblue_list=&#8220;|none&#8220; last_name_field=&#8220;off&#8220; success_message=&#8220;Das hat geklappt, danke!&#8220; button_text=&#8220;Abonnieren&#8220; use_background_color=&#8220;off&#8220; background_layout=&#8220;light&#8220; _builder_version=&#8220;3.0.92&#8243; header_level=&#8220;h1&#8243; body_font_size=&#8220;16&#8243; body_text_color=&#8220;#ffffff&#8220; result_message_font_size_tablet=&#8220;51&#8243; result_message_line_height_tablet=&#8220;2&#8243; custom_button=&#8220;on&#8220; button_text_size=&#8220;16&#8243; button_text_color=&#8220;#ffffff&#8220; button_bg_color=&#8220;#e7beb7&#8243; button_border_color=&#8220;#e7beb7&#8243; button_font=&#8220;Poppins|500||on|||||&#8220; button_use_icon=&#8220;off&#8220; button_bg_color_hover=&#8220;#333333&#8243; button_border_color_hover=&#8220;#333333&#8243; animation_style=&#8220;slide&#8220; animation_direction=&#8220;top&#8220; animation_intensity_slide=&#8220;6%&#8220; button_icon_placement=&#8220;right&#8220;]<\/p>\n<p>Dir gefallen meine B\u00fccher und du m\u00f6chtest keine Neuerscheinung verpassen?\u00a0Dann melde dich jetzt f\u00fcr meinen Newsletter an!<\/p>\n<p>Au\u00dferdem bekommst du dein Passwort f\u00fcr meine VIP-Seite mit Bonus-Material zu meinen B\u00fcchern, wie zum Beispiel unver\u00f6ffentlichte Szenen und andere spannende Extras.<\/p>\n<p>(Wenn du keine E-Mails mehr erhalten m\u00f6chtest \u2013 kein Problem! In jeder befindet sich ein Abmelde-Link.)<\/p>\n<p>[\/et_pb_signup][\/et_pb_column][\/et_pb_row][\/et_pb_section]<\/p>\n","protected":false},"excerpt":{"rendered":"<p>Blog Hier schreibe ich f\u00fcr dich regelm\u00e4\u00dfig \u00fcber spannende Hintergrundinformationen und Aktuelles zu meinen Romanen. Aktuelles Autoren-Newsletter Dir gefallen meine B\u00fccher und du m\u00f6chtest keine Neuerscheinung verpassen?\u00a0Dann melde dich jetzt f\u00fcr meinen Newsletter an! Au\u00dferdem bekommst du dein Passwort f\u00fcr meine VIP-Seite mit Bonus-Material zu meinen B\u00fcchern, wie zum Beispiel unver\u00f6ffentlichte Szenen und andere spannende [&hellip;]<\/p>\n","protected":false},"author":1,"featured_media":50929,"parent":0,"menu_order":0,"comment_status":"closed","ping_status":"closed","template":"","meta":{"_et_pb_use_builder":"on","_et_pb_old_content":"","_et_gb_content_width":"","footnotes":""},"class_list":["post-50397","page","type-page","status-publish","has-post-thumbnail","hentry"],"yoast_head":"<!-- This site is optimized with the Yoast SEO plugin v27.3 - https:\/\/yoast.com\/product\/yoast-seo-wordpress\/ -->\n<title>Blog - Julia Zieschang<\/title>\n<meta name=\"description\" content=\"Auf meinem Blog schreibe ich f\u00fcr dich regelm\u00e4\u00dfig \u00fcber spannende Hintergrundinformationen und Aktuelles zu meinen Romanen.\" \/>\n<meta name=\"robots\" content=\"index, follow, max-snippet:-1, max-image-preview:large, max-video-preview:-1\" \/>\n<link rel=\"canonical\" href=\"https:\/\/juliazieschang.de\/en\/blog\/\" \/>\n<meta property=\"og:locale\" content=\"en_US\" \/>\n<meta property=\"og:type\" content=\"article\" \/>\n<meta property=\"og:title\" content=\"Blog - Julia Zieschang\" \/>\n<meta property=\"og:description\" content=\"Auf meinem Blog schreibe ich f\u00fcr dich regelm\u00e4\u00dfig \u00fcber spannende Hintergrundinformationen und Aktuelles zu meinen Romanen.\" \/>\n<meta property=\"og:url\" content=\"https:\/\/juliazieschang.de\/en\/blog\/\" \/>\n<meta property=\"og:site_name\" content=\"Julia Zieschang\" \/>\n<meta property=\"article:modified_time\" content=\"2017-12-20T12:50:58+00:00\" \/>\n<meta property=\"og:image\" content=\"https:\/\/juliazieschang.de\/wp-content\/uploads\/2017\/12\/IMG_9696.jpg\" \/>\n\t<meta property=\"og:image:width\" content=\"800\" \/>\n\t<meta property=\"og:image:height\" content=\"533\" \/>\n\t<meta property=\"og:image:type\" content=\"image\/jpeg\" \/>\n<meta name=\"twitter:card\" content=\"summary_large_image\" \/>\n<meta name=\"twitter:label1\" content=\"Est. reading time\" \/>\n\t<meta name=\"twitter:data1\" content=\"5 minutes\" \/>\n<script type=\"application\/ld+json\" class=\"yoast-schema-graph\">{\"@context\":\"https:\\\/\\\/schema.org\",\"@graph\":[{\"@type\":\"WebPage\",\"@id\":\"https:\\\/\\\/juliazieschang.de\\\/blog\",\"url\":\"https:\\\/\\\/juliazieschang.de\\\/blog\",\"name\":\"Blog - Julia Zieschang\",\"isPartOf\":{\"@id\":\"https:\\\/\\\/juliazieschang.de\\\/#website\"},\"primaryImageOfPage\":{\"@id\":\"https:\\\/\\\/juliazieschang.de\\\/blog#primaryimage\"},\"image\":{\"@id\":\"https:\\\/\\\/juliazieschang.de\\\/blog#primaryimage\"},\"thumbnailUrl\":\"https:\\\/\\\/juliazieschang.de\\\/wp-content\\\/uploads\\\/2017\\\/12\\\/IMG_9696.jpg\",\"datePublished\":\"2017-12-05T21:20:03+00:00\",\"dateModified\":\"2017-12-20T12:50:58+00:00\",\"description\":\"Auf meinem Blog schreibe ich f\u00fcr dich regelm\u00e4\u00dfig \u00fcber spannende Hintergrundinformationen und Aktuelles zu meinen Romanen.\",\"breadcrumb\":{\"@id\":\"https:\\\/\\\/juliazieschang.de\\\/blog#breadcrumb\"},\"inLanguage\":\"en-US\",\"potentialAction\":[{\"@type\":\"ReadAction\",\"target\":[\"https:\\\/\\\/juliazieschang.de\\\/blog\"]}]},{\"@type\":\"ImageObject\",\"inLanguage\":\"en-US\",\"@id\":\"https:\\\/\\\/juliazieschang.de\\\/blog#primaryimage\",\"url\":\"https:\\\/\\\/juliazieschang.de\\\/wp-content\\\/uploads\\\/2017\\\/12\\\/IMG_9696.jpg\",\"contentUrl\":\"https:\\\/\\\/juliazieschang.de\\\/wp-content\\\/uploads\\\/2017\\\/12\\\/IMG_9696.jpg\",\"width\":800,\"height\":533,\"caption\":\"Aufgeschlagenes Buch Herz\"},{\"@type\":\"BreadcrumbList\",\"@id\":\"https:\\\/\\\/juliazieschang.de\\\/blog#breadcrumb\",\"itemListElement\":[{\"@type\":\"ListItem\",\"position\":1,\"name\":\"Home\",\"item\":\"https:\\\/\\\/juliazieschang.de\\\/\"},{\"@type\":\"ListItem\",\"position\":2,\"name\":\"Blog\"}]},{\"@type\":\"WebSite\",\"@id\":\"https:\\\/\\\/juliazieschang.de\\\/#website\",\"url\":\"https:\\\/\\\/juliazieschang.de\\\/\",\"name\":\"Julia Zieschang\",\"description\":\"Autorin romantischer Fantasyromane und humorvoller Jugendb\u00fccher\",\"potentialAction\":[{\"@type\":\"SearchAction\",\"target\":{\"@type\":\"EntryPoint\",\"urlTemplate\":\"https:\\\/\\\/juliazieschang.de\\\/?s={search_term_string}\"},\"query-input\":{\"@type\":\"PropertyValueSpecification\",\"valueRequired\":true,\"valueName\":\"search_term_string\"}}],\"inLanguage\":\"en-US\"}]}<\/script>\n<!-- \/ Yoast SEO plugin. -->","yoast_head_json":{"title":"Blog - Julia Zieschang","description":"Auf meinem Blog schreibe ich f\u00fcr dich regelm\u00e4\u00dfig \u00fcber spannende Hintergrundinformationen und Aktuelles zu meinen Romanen.","robots":{"index":"index","follow":"follow","max-snippet":"max-snippet:-1","max-image-preview":"max-image-preview:large","max-video-preview":"max-video-preview:-1"},"canonical":"https:\/\/juliazieschang.de\/en\/blog\/","og_locale":"en_US","og_type":"article","og_title":"Blog - Julia Zieschang","og_description":"Auf meinem Blog schreibe ich f\u00fcr dich regelm\u00e4\u00dfig \u00fcber spannende Hintergrundinformationen und Aktuelles zu meinen Romanen.","og_url":"https:\/\/juliazieschang.de\/en\/blog\/","og_site_name":"Julia Zieschang","article_modified_time":"2017-12-20T12:50:58+00:00","og_image":[{"width":800,"height":533,"url":"https:\/\/juliazieschang.de\/wp-content\/uploads\/2017\/12\/IMG_9696.jpg","type":"image\/jpeg"}],"twitter_card":"summary_large_image","twitter_misc":{"Est. reading time":"5 minutes"},"schema":{"@context":"https:\/\/schema.org","@graph":[{"@type":"WebPage","@id":"https:\/\/juliazieschang.de\/blog","url":"https:\/\/juliazieschang.de\/blog","name":"Blog - Julia Zieschang","isPartOf":{"@id":"https:\/\/juliazieschang.de\/#website"},"primaryImageOfPage":{"@id":"https:\/\/juliazieschang.de\/blog#primaryimage"},"image":{"@id":"https:\/\/juliazieschang.de\/blog#primaryimage"},"thumbnailUrl":"https:\/\/juliazieschang.de\/wp-content\/uploads\/2017\/12\/IMG_9696.jpg","datePublished":"2017-12-05T21:20:03+00:00","dateModified":"2017-12-20T12:50:58+00:00","description":"Auf meinem Blog schreibe ich f\u00fcr dich regelm\u00e4\u00dfig \u00fcber spannende Hintergrundinformationen und Aktuelles zu meinen Romanen.","breadcrumb":{"@id":"https:\/\/juliazieschang.de\/blog#breadcrumb"},"inLanguage":"en-US","potentialAction":[{"@type":"ReadAction","target":["https:\/\/juliazieschang.de\/blog"]}]},{"@type":"ImageObject","inLanguage":"en-US","@id":"https:\/\/juliazieschang.de\/blog#primaryimage","url":"https:\/\/juliazieschang.de\/wp-content\/uploads\/2017\/12\/IMG_9696.jpg","contentUrl":"https:\/\/juliazieschang.de\/wp-content\/uploads\/2017\/12\/IMG_9696.jpg","width":800,"height":533,"caption":"Aufgeschlagenes Buch Herz"},{"@type":"BreadcrumbList","@id":"https:\/\/juliazieschang.de\/blog#breadcrumb","itemListElement":[{"@type":"ListItem","position":1,"name":"Home","item":"https:\/\/juliazieschang.de\/"},{"@type":"ListItem","position":2,"name":"Blog"}]},{"@type":"WebSite","@id":"https:\/\/juliazieschang.de\/#website","url":"https:\/\/juliazieschang.de\/","name":"Julia Zieschang","description":"Autorin romantischer Fantasyromane und humorvoller Jugendb\u00fccher","potentialAction":[{"@type":"SearchAction","target":{"@type":"EntryPoint","urlTemplate":"https:\/\/juliazieschang.de\/?s={search_term_string}"},"query-input":{"@type":"PropertyValueSpecification","valueRequired":true,"valueName":"search_term_string"}}],"inLanguage":"en-US"}]}},"_links":{"self":[{"href":"https:\/\/juliazieschang.de\/en\/wp-json\/wp\/v2\/pages\/50397","targetHints":{"allow":["GET"]}}],"collection":[{"href":"https:\/\/juliazieschang.de\/en\/wp-json\/wp\/v2\/pages"}],"about":[{"href":"https:\/\/juliazieschang.de\/en\/wp-json\/wp\/v2\/types\/page"}],"author":[{"embeddable":true,"href":"https:\/\/juliazieschang.de\/en\/wp-json\/wp\/v2\/users\/1"}],"replies":[{"embeddable":true,"href":"https:\/\/juliazieschang.de\/en\/wp-json\/wp\/v2\/comments?post=50397"}],"version-history":[{"count":0,"href":"https:\/\/juliazieschang.de\/en\/wp-json\/wp\/v2\/pages\/50397\/revisions"}],"wp:featuredmedia":[{"embeddable":true,"href":"https:\/\/juliazieschang.de\/en\/wp-json\/wp\/v2\/media\/50929"}],"wp:attachment":[{"href":"https:\/\/juliazieschang.de\/en\/wp-json\/wp\/v2\/media?parent=50397"}],"curies":[{"name":"wp","href":"https:\/\/api.w.org\/{rel}","templated":true}]}}