{"id":50414,"date":"2017-12-05T22:35:08","date_gmt":"2017-12-05T21:35:08","guid":{"rendered":"https:\/\/juliazieschang.de\/?page_id=50414"},"modified":"2025-12-17T21:38:17","modified_gmt":"2025-12-17T20:38:17","slug":"termine","status":"publish","type":"page","link":"https:\/\/juliazieschang.de\/en\/termine","title":{"rendered":"Events"},"content":{"rendered":"<p>[et_pb_section fb_built=&#8220;1&#8243; admin_label=&#8220;Hero Section&#8220; _builder_version=&#8220;4.16&#8243; background_color=&#8220;#ffffff&#8220; background_color_gradient_direction=&#8220;131deg&#8220; custom_padding=&#8220;50px|0px||0px&#8220; animation_direction=&#8220;top&#8220; global_colors_info=&#8220;{}&#8220;][et_pb_row _builder_version=&#8220;4.16&#8243; custom_padding=&#8220;|||&#8220; custom_width_px=&#8220;1440px&#8220; global_colors_info=&#8220;{}&#8220;][et_pb_column type=&#8220;4_4&#8243; _builder_version=&#8220;4.16&#8243; custom_padding=&#8220;|||&#8220; global_colors_info=&#8220;{}&#8220; custom_padding__hover=&#8220;|||&#8220;][et_pb_text admin_label=&#8220;Termine&#8220; _builder_version=&#8220;4.16&#8243; header_font_size=&#8220;42px&#8220; background_image=&#8220;https:\/\/juliazieschang.de\/wp-content\/uploads\/2017\/12\/feder4.png&#8220; background_size=&#8220;contain&#8220; background_position=&#8220;bottom_center&#8220; custom_padding=&#8220;||30px|&#8220; header_font_size_tablet=&#8220;28&#8243; header_font_size_phone=&#8220;&#8220; header_font_size_last_edited=&#8220;on|phone&#8220; locked=&#8220;off&#8220; global_colors_info=&#8220;{}&#8220;]<\/p>\n<h1 style=\"text-align: center;\">Termine<\/h1>\n<p>[\/et_pb_text][\/et_pb_column][\/et_pb_row][et_pb_row column_structure=&#8220;1_2,1_2&#8243; _builder_version=&#8220;4.16&#8243; global_colors_info=&#8220;{}&#8220;][et_pb_column type=&#8220;1_2&#8243; _builder_version=&#8220;4.16&#8243; custom_padding=&#8220;|||&#8220; global_colors_info=&#8220;{}&#8220; custom_padding__hover=&#8220;|||&#8220;][et_pb_text admin_label=&#8220;Termine Text&#8220; _builder_version=&#8220;4.27.5&#8243; hover_enabled=&#8220;0&#8243; global_colors_info=&#8220;{}&#8220; sticky_enabled=&#8220;0&#8243;]<\/p>\n<h3>28. Februar 2026 \u2013 Stuttgarter Buchmesse<\/h3>\n<p><strong>Signierstunde von K\u00f6nigsblau<\/strong><\/p>\n<p>Samstag, 28. Februar 2026, am Stand vom GedankenReich Verlag<\/p>\n<p>&nbsp;<\/p>\n<h3>13. M\u00e4rz 2026 \u2013 Buchpr\u00e4sentation von K\u00f6nigsblau in der Stadtbibliothek Rheinfelden (Baden)<\/h3>\n<p><strong>Buchpr\u00e4sentation und Lesung aus K\u00f6nigsblau<\/strong><\/p>\n<p>Alle Infos zur Veranstaltung gibt es <a href=\"https:\/\/www.rheinfelden.de\/de\/aktuell\/Veranstaltungen\/Veranstaltung?view=publish&amp;item=eventDate&amp;id=10294\" target=\"_blank\" rel=\"noopener\" title=\"Lesung\">hier.<\/a><\/p>\n<p>Freitag, 13. M\u00e4rz 2026, um 19 Uhr in der Stadtbibliothek Rheinfelden (Baden), VVK 5 \u20ac \/ erm\u00e4\u00dfigt 4 \u20ac, Abendkasse 6 \u20ac \/ erm\u00e4\u00dfigt 5 \u20ac<\/p>\n<p>&nbsp;<\/p>\n<h3>22. \u2013 24. M\u00c4RZ 2024 \u2013 Leipziger Buchmesse<\/h3>\n<p><strong>Signierstunden Ph\u00f6nix-Saga<\/strong><\/p>\n<p>Freitag, 22. M\u00e4rz, 15-16 Uhr, am Stand des GedankenReich Verlags<\/p>\n<p>Samstag, 23. M\u00e4rz, 11-12 Uhr, am Stand des GedankenReich Verlags<\/p>\n<p>Sonntag, 24. M\u00e4rz, 11-12 Uhr, am Stand des GedankenReich Verlags<\/p>\n<p>Ort:\u00a0Leipziger Messe GmbH,\u00a0Messe-Allee 1, 04356 Leipzig.<\/p>\n<p>&nbsp;<\/p>\n<h3>20. \u2013 21. Oktober 2023 \u2013 Frankfurter Buchmesse<\/h3>\n<p><strong>Signierstunde von Feuerph\u00f6nix<\/strong><\/p>\n<p>Samstag, 21. Oktober 2023, 15 Uhr, am Stand vom GedankenReich Verlag Halle 3.0\/C132<\/p>\n<p>Ort: Messegel\u00e4nde, Ludwig-Erhard-Anlage 1, 60327 Frankfurt am Main<\/p>\n<p>[\/et_pb_text][\/et_pb_column][et_pb_column type=&#8220;1_2&#8243; _builder_version=&#8220;4.16&#8243; custom_padding=&#8220;|||&#8220; global_colors_info=&#8220;{}&#8220; custom_padding__hover=&#8220;|||&#8220;][\/et_pb_column][\/et_pb_row][\/et_pb_section][et_pb_section fb_built=&#8220;1&#8243; _builder_version=&#8220;4.16&#8243; background_color=&#8220;rgba(231,190,183,0.1)&#8220; background_size=&#8220;contain&#8220; background_position=&#8220;bottom_right&#8220; custom_margin=&#8220;0px|||&#8220; custom_padding=&#8220;0px|||&#8220; global_colors_info=&#8220;{}&#8220;][et_pb_row _builder_version=&#8220;4.16&#8243; background_size=&#8220;initial&#8220; background_position=&#8220;top_left&#8220; background_repeat=&#8220;repeat&#8220; global_colors_info=&#8220;{}&#8220;][et_pb_column type=&#8220;4_4&#8243; _builder_version=&#8220;4.16&#8243; custom_padding=&#8220;|||&#8220; global_colors_info=&#8220;{}&#8220; custom_padding__hover=&#8220;|||&#8220;][et_pb_text _builder_version=&#8220;4.16&#8243; header_2_text_align=&#8220;center&#8220; header_2_line_height=&#8220;1.5em&#8220; background_image=&#8220;https:\/\/juliazieschang.de\/wp-content\/uploads\/2017\/12\/brushstroke.png&#8220; background_size=&#8220;contain&#8220; module_alignment=&#8220;center&#8220; custom_margin=&#8220;50px||10px|&#8220; global_colors_info=&#8220;{}&#8220;]<\/p>\n<h2>Aktuelles<\/h2>\n<p>[\/et_pb_text][\/et_pb_column][\/et_pb_row][et_pb_row column_structure=&#8220;1_3,1_3,1_3&#8243; _builder_version=&#8220;4.16&#8243; custom_margin=&#8220;||50px|&#8220; global_colors_info=&#8220;{}&#8220;][et_pb_column type=&#8220;1_3&#8243; _builder_version=&#8220;4.16&#8243; background_color=&#8220;#e7beb7&#8243; custom_padding=&#8220;|||&#8220; global_colors_info=&#8220;{}&#8220; custom_padding__hover=&#8220;|||&#8220;][et_pb_blurb title=&#8220;Podcast&#8220; url=&#8220;https:\/\/juliazieschang.de\/podcast&#8220; use_icon=&#8220;on&#8220; font_icon=&#8220;&#xe01b;||divi||400&#8243; icon_color=&#8220;#ffffff&#8220; image_icon_width=&#8220;50px&#8220; admin_label=&#8220;Blog&#8220; _builder_version=&#8220;4.16&#8243; header_level=&#8220;h1&#8243; text_orientation=&#8220;center&#8220; background_layout=&#8220;dark&#8220; custom_margin=&#8220;15px|15px|15px|15px&#8220; custom_padding=&#8220;70px|0px|70px|0px&#8220; animation=&#8220;off&#8220; border_radii=&#8220;on|0px|0px|0px|0px&#8220; border_width_all=&#8220;2px&#8220; border_color_all=&#8220;#ffffff&#8220; border_color_all_image=&#8220;#ffffff&#8220; icon_font_size=&#8220;50px&#8220; global_colors_info=&#8220;{}&#8220;][\/et_pb_blurb][\/et_pb_column][et_pb_column type=&#8220;1_3&#8243; _builder_version=&#8220;4.16&#8243; background_color=&#8220;#e7beb7&#8243; custom_padding=&#8220;|||&#8220; global_colors_info=&#8220;{}&#8220; custom_padding__hover=&#8220;|||&#8220;][et_pb_blurb title=&#8220;B\u00fccher&#8220; url=&#8220;https:\/\/juliazieschang.de\/buecher&#8220; use_icon=&#8220;on&#8220; font_icon=&#8220;&#xe022;||divi||400&#8243; icon_color=&#8220;#ffffff&#8220; image_icon_width=&#8220;50px&#8220; admin_label=&#8220;Termine&#8220; _builder_version=&#8220;4.16&#8243; header_level=&#8220;h1&#8243; text_orientation=&#8220;center&#8220; background_layout=&#8220;dark&#8220; custom_margin=&#8220;15px|15px|15px|15px&#8220; custom_padding=&#8220;70px|0px|70px|0px&#8220; animation=&#8220;off&#8220; border_radii=&#8220;on|0px|0px|0px|0px&#8220; border_width_all=&#8220;2px&#8220; border_color_all=&#8220;#ffffff&#8220; border_color_all_image=&#8220;#ffffff&#8220; icon_font_size=&#8220;50px&#8220; global_colors_info=&#8220;{}&#8220;][\/et_pb_blurb][\/et_pb_column][et_pb_column type=&#8220;1_3&#8243; _builder_version=&#8220;4.16&#8243; background_color=&#8220;#e7beb7&#8243; custom_padding=&#8220;|||&#8220; global_colors_info=&#8220;{}&#8220; custom_padding__hover=&#8220;|||&#8220;][et_pb_blurb title=&#8220;FAQ&#8220; url=&#8220;https:\/\/juliazieschang.de\/faq&#8220; use_icon=&#8220;on&#8220; font_icon=&#8220;&#xe007;||divi||400&#8243; icon_color=&#8220;#ffffff&#8220; image_icon_width=&#8220;50px&#8220; admin_label=&#8220;FAQ&#8220; _builder_version=&#8220;4.16&#8243; header_level=&#8220;h1&#8243; text_orientation=&#8220;center&#8220; background_layout=&#8220;dark&#8220; custom_margin=&#8220;15px|15px|15px|15px&#8220; custom_padding=&#8220;70px|0px|70px|0px&#8220; animation=&#8220;off&#8220; border_radii=&#8220;on|0px|0px|0px|0px&#8220; border_width_all=&#8220;2px&#8220; border_color_all=&#8220;#ffffff&#8220; border_color_all_image=&#8220;#ffffff&#8220; icon_font_size=&#8220;50px&#8220; global_colors_info=&#8220;{}&#8220;][\/et_pb_blurb][\/et_pb_column][\/et_pb_row][\/et_pb_section][et_pb_section fb_built=&#8220;1&#8243; _builder_version=&#8220;4.16&#8243; background_color=&#8220;#504f5d&#8220; global_colors_info=&#8220;{}&#8220;][et_pb_row _builder_version=&#8220;3.0.92&#8243; background_size=&#8220;initial&#8220; background_position=&#8220;top_left&#8220; background_repeat=&#8220;repeat&#8220; global_module=&#8220;50977&#8243; global_colors_info=&#8220;{}&#8220;][et_pb_column type=&#8220;4_4&#8243; _builder_version=&#8220;4.16&#8243; custom_padding=&#8220;|||&#8220; global_colors_info=&#8220;{}&#8220; custom_padding__hover=&#8220;|||&#8220;][et_pb_text admin_label=&#8220;Autoren-Newsletter&#8220; _builder_version=&#8220;4.16&#8243; background_layout=&#8220;dark&#8220; global_colors_info=&#8220;{}&#8220;]<\/p>\n<h2 class=\"p1\" style=\"text-align: center;\">Autoren-Newsletter<\/h2>\n<p>[\/et_pb_text][et_pb_signup mailchimp_list=&#8220;Julia Zieschang|1f070c2b8d&#8220; last_name_field=&#8220;off&#8220; success_message=&#8220;Das hat geklappt, danke!&#8220; description=&#8220;<\/p>\n<p>Dir gefallen meine B\u00fccher und du m\u00f6chtest keine Neuerscheinung verpassen?\u00a0Dann melde dich jetzt f\u00fcr meinen Newsletter an!<\/p>\n<p>Au\u00dferdem bekommst du dein Passwort f\u00fcr meine VIP-Seite mit Bonus-Material zu meinen B\u00fcchern, wie zum Beispiel unver\u00f6ffentlichte Szenen und andere spannende Extras.<\/p>\n<p>(Wenn du keine E-Mails mehr erhalten m\u00f6chtest \u2013 kein Problem! In jeder befindet sich ein Abmelde-Link.)<\/p>\n<p>&#8220; admin_label=&#8220;Newsletter Sign-up&#8220; _builder_version=&#8220;4.16&#8243; header_level=&#8220;h1&#8243; body_text_color=&#8220;#ffffff&#8220; body_font_size=&#8220;16&#8243; use_background_color=&#8220;off&#8220; custom_button=&#8220;on&#8220; button_text_size=&#8220;16&#8243; button_text_color=&#8220;#ffffff&#8220; button_bg_color=&#8220;#e7beb7&#8243; button_border_color=&#8220;#e7beb7&#8243; button_font=&#8220;Poppins|500||on|||||&#8220; button_use_icon=&#8220;off&#8220; background_layout=&#8220;light&#8220; animation_style=&#8220;slide&#8220; animation_direction=&#8220;top&#8220; animation_intensity_slide=&#8220;6%&#8220; result_message_font_size_tablet=&#8220;51&#8243; result_message_line_height_tablet=&#8220;2&#8243; button_border_color_hover=&#8220;#333333&#8243; button_bg_color_hover=&#8220;#333333&#8243; global_colors_info=&#8220;{}&#8220; button_text_size__hover_enabled=&#8220;off&#8220; button_one_text_size__hover_enabled=&#8220;off&#8220; button_two_text_size__hover_enabled=&#8220;off&#8220; button_text_color__hover_enabled=&#8220;off&#8220; button_one_text_color__hover_enabled=&#8220;off&#8220; button_two_text_color__hover_enabled=&#8220;off&#8220; button_border_width__hover_enabled=&#8220;off&#8220; button_one_border_width__hover_enabled=&#8220;off&#8220; button_two_border_width__hover_enabled=&#8220;off&#8220; button_border_color__hover_enabled=&#8220;on&#8220; button_border_color__hover=&#8220;#333333&#8243; button_one_border_color__hover_enabled=&#8220;off&#8220; button_two_border_color__hover_enabled=&#8220;off&#8220; button_border_radius__hover_enabled=&#8220;off&#8220; button_one_border_radius__hover_enabled=&#8220;off&#8220; button_two_border_radius__hover_enabled=&#8220;off&#8220; button_letter_spacing__hover_enabled=&#8220;off&#8220; button_one_letter_spacing__hover_enabled=&#8220;off&#8220; button_two_letter_spacing__hover_enabled=&#8220;off&#8220; button_bg_color__hover_enabled=&#8220;on&#8220; button_bg_color__hover=&#8220;#333333&#8243; button_one_bg_color__hover_enabled=&#8220;off&#8220; button_two_bg_color__hover_enabled=&#8220;off&#8220;]<\/p>\n<p>Dir gefallen meine B\u00fccher und du m\u00f6chtest keine Neuerscheinung verpassen?\u00a0Dann melde dich jetzt f\u00fcr meinen Newsletter an!<\/p>\n<p>Au\u00dferdem bekommst du dein Passwort f\u00fcr meine VIP-Seite mit Bonus-Material zu meinen B\u00fcchern, wie zum Beispiel unver\u00f6ffentlichte Szenen und andere spannende Extras.<\/p>\n<p>(Wenn du keine E-Mails mehr erhalten m\u00f6chtest \u2013 kein Problem! In jeder befindet sich ein Abmelde-Link.)<\/p>\n<p>[\/et_pb_signup][\/et_pb_column][\/et_pb_row][\/et_pb_section]<\/p>\n","protected":false},"excerpt":{"rendered":"<p>Termine 28. Februar 2026 \u2013 Stuttgarter Buchmesse Signierstunde von K\u00f6nigsblau Samstag, 28. Februar 2026, am Stand vom GedankenReich Verlag &nbsp; 13. M\u00e4rz 2026 \u2013 Buchpr\u00e4sentation von K\u00f6nigsblau in der Stadtbibliothek Rheinfelden (Baden) Buchpr\u00e4sentation und Lesung aus K\u00f6nigsblau Alle Infos zur Veranstaltung gibt es hier. Freitag, 13. M\u00e4rz 2026, um 19 Uhr in der Stadtbibliothek Rheinfelden [&hellip;]<\/p>\n","protected":false},"author":1,"featured_media":51465,"parent":0,"menu_order":0,"comment_status":"closed","ping_status":"closed","template":"","meta":{"_et_pb_use_builder":"on","_et_pb_old_content":"<h2>12.12.2017 \u2013 Buchlesung, Hamburg<\/h2><p><strong>Ort:<\/strong> Thalia Buchhandlung,\u00a0Spitalerstra\u00dfe 8, 20095 Hamburg<\/p><p><strong>Uhrzeit:<\/strong> 15:00 bis 17:00 Uhr<\/p><p><strong>Beschreibung:<\/strong> Meet & Greet mit Julia<\/p><h2>16.12.2017 \u2013 Buchlesung, Hamburg<\/h2><p><strong>Ort:<\/strong> Thalia Buchhandlung,\u00a0Spitalerstra\u00dfe 8, 20095 Hamburg<\/p><p><strong>Uhrzeit:<\/strong> 15:00 bis 17:00 Uhr<\/p><p><strong>Beschreibung:<\/strong> Meet & Greet mit Julia<\/p>","_et_gb_content_width":"","footnotes":""},"class_list":["post-50414","page","type-page","status-publish","has-post-thumbnail","hentry"],"yoast_head":"<!-- This site is optimized with the Yoast SEO plugin v27.3 - https:\/\/yoast.com\/product\/yoast-seo-wordpress\/ -->\n<title>Termine - Julia Zieschang<\/title>\n<meta name=\"robots\" content=\"index, follow, max-snippet:-1, max-image-preview:large, max-video-preview:-1\" \/>\n<link rel=\"canonical\" href=\"https:\/\/juliazieschang.de\/en\/termine\/\" \/>\n<meta property=\"og:locale\" content=\"en_US\" \/>\n<meta property=\"og:type\" content=\"article\" \/>\n<meta property=\"og:title\" content=\"Termine - Julia Zieschang\" \/>\n<meta property=\"og:description\" content=\"Termine 28. Februar 2026 \u2013 Stuttgarter Buchmesse Signierstunde von K\u00f6nigsblau Samstag, 28. Februar 2026, am Stand vom GedankenReich Verlag &nbsp; 13. M\u00e4rz 2026 \u2013 Buchpr\u00e4sentation von K\u00f6nigsblau in der Stadtbibliothek Rheinfelden (Baden) Buchpr\u00e4sentation und Lesung aus K\u00f6nigsblau Alle Infos zur Veranstaltung gibt es hier. Freitag, 13. M\u00e4rz 2026, um 19 Uhr in der Stadtbibliothek Rheinfelden [&hellip;]\" \/>\n<meta property=\"og:url\" content=\"https:\/\/juliazieschang.de\/en\/termine\/\" \/>\n<meta property=\"og:site_name\" content=\"Julia Zieschang\" \/>\n<meta property=\"article:modified_time\" content=\"2025-12-17T20:38:17+00:00\" \/>\n<meta property=\"og:image\" content=\"https:\/\/juliazieschang.de\/wp-content\/uploads\/2021\/04\/Website-1-scaled-e1617744074563.jpg\" \/>\n\t<meta property=\"og:image:width\" content=\"2560\" \/>\n\t<meta property=\"og:image:height\" content=\"1593\" \/>\n\t<meta property=\"og:image:type\" content=\"image\/jpeg\" \/>\n<meta name=\"twitter:card\" content=\"summary_large_image\" \/>\n<meta name=\"twitter:label1\" content=\"Est. reading time\" \/>\n\t<meta name=\"twitter:data1\" content=\"6 minutes\" \/>\n<script type=\"application\/ld+json\" class=\"yoast-schema-graph\">{\"@context\":\"https:\\\/\\\/schema.org\",\"@graph\":[{\"@type\":\"WebPage\",\"@id\":\"https:\\\/\\\/juliazieschang.de\\\/termine\",\"url\":\"https:\\\/\\\/juliazieschang.de\\\/termine\",\"name\":\"Termine - Julia Zieschang\",\"isPartOf\":{\"@id\":\"https:\\\/\\\/juliazieschang.de\\\/#website\"},\"primaryImageOfPage\":{\"@id\":\"https:\\\/\\\/juliazieschang.de\\\/termine#primaryimage\"},\"image\":{\"@id\":\"https:\\\/\\\/juliazieschang.de\\\/termine#primaryimage\"},\"thumbnailUrl\":\"https:\\\/\\\/juliazieschang.de\\\/wp-content\\\/uploads\\\/2021\\\/04\\\/Website-1-scaled-e1617744074563.jpg\",\"datePublished\":\"2017-12-05T21:35:08+00:00\",\"dateModified\":\"2025-12-17T20:38:17+00:00\",\"breadcrumb\":{\"@id\":\"https:\\\/\\\/juliazieschang.de\\\/termine#breadcrumb\"},\"inLanguage\":\"en-US\",\"potentialAction\":[{\"@type\":\"ReadAction\",\"target\":[\"https:\\\/\\\/juliazieschang.de\\\/termine\"]}]},{\"@type\":\"ImageObject\",\"inLanguage\":\"en-US\",\"@id\":\"https:\\\/\\\/juliazieschang.de\\\/termine#primaryimage\",\"url\":\"https:\\\/\\\/juliazieschang.de\\\/wp-content\\\/uploads\\\/2021\\\/04\\\/Website-1-scaled-e1617744074563.jpg\",\"contentUrl\":\"https:\\\/\\\/juliazieschang.de\\\/wp-content\\\/uploads\\\/2021\\\/04\\\/Website-1-scaled-e1617744074563.jpg\",\"width\":2560,\"height\":1593,\"caption\":\"Julia Zieschang\"},{\"@type\":\"BreadcrumbList\",\"@id\":\"https:\\\/\\\/juliazieschang.de\\\/termine#breadcrumb\",\"itemListElement\":[{\"@type\":\"ListItem\",\"position\":1,\"name\":\"Home\",\"item\":\"https:\\\/\\\/juliazieschang.de\\\/\"},{\"@type\":\"ListItem\",\"position\":2,\"name\":\"Termine\"}]},{\"@type\":\"WebSite\",\"@id\":\"https:\\\/\\\/juliazieschang.de\\\/#website\",\"url\":\"https:\\\/\\\/juliazieschang.de\\\/\",\"name\":\"Julia Zieschang\",\"description\":\"Autorin romantischer Fantasyromane und humorvoller Jugendb\u00fccher\",\"potentialAction\":[{\"@type\":\"SearchAction\",\"target\":{\"@type\":\"EntryPoint\",\"urlTemplate\":\"https:\\\/\\\/juliazieschang.de\\\/?s={search_term_string}\"},\"query-input\":{\"@type\":\"PropertyValueSpecification\",\"valueRequired\":true,\"valueName\":\"search_term_string\"}}],\"inLanguage\":\"en-US\"}]}<\/script>\n<!-- \/ Yoast SEO plugin. -->","yoast_head_json":{"title":"Termine - Julia Zieschang","robots":{"index":"index","follow":"follow","max-snippet":"max-snippet:-1","max-image-preview":"max-image-preview:large","max-video-preview":"max-video-preview:-1"},"canonical":"https:\/\/juliazieschang.de\/en\/termine\/","og_locale":"en_US","og_type":"article","og_title":"Termine - Julia Zieschang","og_description":"Termine 28. Februar 2026 \u2013 Stuttgarter Buchmesse Signierstunde von K\u00f6nigsblau Samstag, 28. Februar 2026, am Stand vom GedankenReich Verlag &nbsp; 13. M\u00e4rz 2026 \u2013 Buchpr\u00e4sentation von K\u00f6nigsblau in der Stadtbibliothek Rheinfelden (Baden) Buchpr\u00e4sentation und Lesung aus K\u00f6nigsblau Alle Infos zur Veranstaltung gibt es hier. Freitag, 13. M\u00e4rz 2026, um 19 Uhr in der Stadtbibliothek Rheinfelden [&hellip;]","og_url":"https:\/\/juliazieschang.de\/en\/termine\/","og_site_name":"Julia Zieschang","article_modified_time":"2025-12-17T20:38:17+00:00","og_image":[{"width":2560,"height":1593,"url":"https:\/\/juliazieschang.de\/wp-content\/uploads\/2021\/04\/Website-1-scaled-e1617744074563.jpg","type":"image\/jpeg"}],"twitter_card":"summary_large_image","twitter_misc":{"Est. reading time":"6 minutes"},"schema":{"@context":"https:\/\/schema.org","@graph":[{"@type":"WebPage","@id":"https:\/\/juliazieschang.de\/termine","url":"https:\/\/juliazieschang.de\/termine","name":"Termine - Julia Zieschang","isPartOf":{"@id":"https:\/\/juliazieschang.de\/#website"},"primaryImageOfPage":{"@id":"https:\/\/juliazieschang.de\/termine#primaryimage"},"image":{"@id":"https:\/\/juliazieschang.de\/termine#primaryimage"},"thumbnailUrl":"https:\/\/juliazieschang.de\/wp-content\/uploads\/2021\/04\/Website-1-scaled-e1617744074563.jpg","datePublished":"2017-12-05T21:35:08+00:00","dateModified":"2025-12-17T20:38:17+00:00","breadcrumb":{"@id":"https:\/\/juliazieschang.de\/termine#breadcrumb"},"inLanguage":"en-US","potentialAction":[{"@type":"ReadAction","target":["https:\/\/juliazieschang.de\/termine"]}]},{"@type":"ImageObject","inLanguage":"en-US","@id":"https:\/\/juliazieschang.de\/termine#primaryimage","url":"https:\/\/juliazieschang.de\/wp-content\/uploads\/2021\/04\/Website-1-scaled-e1617744074563.jpg","contentUrl":"https:\/\/juliazieschang.de\/wp-content\/uploads\/2021\/04\/Website-1-scaled-e1617744074563.jpg","width":2560,"height":1593,"caption":"Julia Zieschang"},{"@type":"BreadcrumbList","@id":"https:\/\/juliazieschang.de\/termine#breadcrumb","itemListElement":[{"@type":"ListItem","position":1,"name":"Home","item":"https:\/\/juliazieschang.de\/"},{"@type":"ListItem","position":2,"name":"Termine"}]},{"@type":"WebSite","@id":"https:\/\/juliazieschang.de\/#website","url":"https:\/\/juliazieschang.de\/","name":"Julia Zieschang","description":"Autorin romantischer Fantasyromane und humorvoller Jugendb\u00fccher","potentialAction":[{"@type":"SearchAction","target":{"@type":"EntryPoint","urlTemplate":"https:\/\/juliazieschang.de\/?s={search_term_string}"},"query-input":{"@type":"PropertyValueSpecification","valueRequired":true,"valueName":"search_term_string"}}],"inLanguage":"en-US"}]}},"_links":{"self":[{"href":"https:\/\/juliazieschang.de\/en\/wp-json\/wp\/v2\/pages\/50414","targetHints":{"allow":["GET"]}}],"collection":[{"href":"https:\/\/juliazieschang.de\/en\/wp-json\/wp\/v2\/pages"}],"about":[{"href":"https:\/\/juliazieschang.de\/en\/wp-json\/wp\/v2\/types\/page"}],"author":[{"embeddable":true,"href":"https:\/\/juliazieschang.de\/en\/wp-json\/wp\/v2\/users\/1"}],"replies":[{"embeddable":true,"href":"https:\/\/juliazieschang.de\/en\/wp-json\/wp\/v2\/comments?post=50414"}],"version-history":[{"count":2,"href":"https:\/\/juliazieschang.de\/en\/wp-json\/wp\/v2\/pages\/50414\/revisions"}],"predecessor-version":[{"id":51960,"href":"https:\/\/juliazieschang.de\/en\/wp-json\/wp\/v2\/pages\/50414\/revisions\/51960"}],"wp:featuredmedia":[{"embeddable":true,"href":"https:\/\/juliazieschang.de\/en\/wp-json\/wp\/v2\/media\/51465"}],"wp:attachment":[{"href":"https:\/\/juliazieschang.de\/en\/wp-json\/wp\/v2\/media?parent=50414"}],"curies":[{"name":"wp","href":"https:\/\/api.w.org\/{rel}","templated":true}]}}