{"id":50694,"date":"2017-12-11T01:31:55","date_gmt":"2017-12-11T00:31:55","guid":{"rendered":"https:\/\/juliazieschang.de\/?page_id=50694"},"modified":"2024-06-30T19:45:54","modified_gmt":"2024-06-30T17:45:54","slug":"kontakt","status":"publish","type":"page","link":"https:\/\/juliazieschang.de\/en\/kontakt","title":{"rendered":"Contact"},"content":{"rendered":"<p>[et_pb_section fb_built=&#8220;1&#8243; admin_label=&#8220;Hero Section&#8220; _builder_version=&#8220;4.16&#8243; background_color=&#8220;#ffffff&#8220; background_color_gradient_direction=&#8220;131deg&#8220; custom_padding=&#8220;50px|0px||0px&#8220; animation_direction=&#8220;top&#8220; global_colors_info=&#8220;{}&#8220;][et_pb_row _builder_version=&#8220;4.16&#8243; custom_padding=&#8220;|||&#8220; custom_width_px=&#8220;1440px&#8220; global_colors_info=&#8220;{}&#8220;][et_pb_column type=&#8220;4_4&#8243; _builder_version=&#8220;4.16&#8243; custom_padding=&#8220;|||&#8220; global_colors_info=&#8220;{}&#8220; custom_padding__hover=&#8220;|||&#8220;][et_pb_text admin_label=&#8220;Kontakt&#8220; _builder_version=&#8220;4.16&#8243; header_font_size=&#8220;42&#8243; background_image=&#8220;https:\/\/juliazieschang.de\/wp-content\/uploads\/2017\/12\/feder5.png&#8220; background_size=&#8220;contain&#8220; background_position=&#8220;bottom_center&#8220; custom_padding=&#8220;||30px|&#8220; header_font_size_tablet=&#8220;28&#8243; header_font_size_phone=&#8220;&#8220; header_font_size_last_edited=&#8220;on|phone&#8220; locked=&#8220;off&#8220; global_colors_info=&#8220;{}&#8220;]<\/p>\n<h1 style=\"text-align: center;\">Kontakt<\/h1>\n<p>[\/et_pb_text][et_pb_text admin_label=&#8220;Text&#8220; _builder_version=&#8220;4.19.1&#8243; global_colors_info=&#8220;{}&#8220;]<\/p>\n<p style=\"text-align: center;\">F\u00fcr Presseanfragen, Rechte und Informationen zu den B\u00fcchern wenden Sie sich bitte an: <a href=\"javascript:secureDecryptAndNavigate('aphbk49rQrzNSE0tLRe\/odhYXrzmH5mJRZCskdEbVOb2Ai9kcoQus+iy6dkHonGHnwr4jSYX1NO\/K+pgGlLWSubWnIEnkhT3mTBMz0G\/3Zo=', '3fb60ee86632cb428d10ab1954ae0ba73494bb82bcfba646f7f1faf49217aa0b')\">kontakt[at]juliazieschang.de<\/a>.<\/p>\n<p style=\"text-align: center;\">Ich freue mich immer, von meinen Lesern zu h\u00f6ren! Schreibt mir gerne \u00fcber das\u00a0Kontaktformular, dann geht die Nachricht direkt in mein Postfach.<\/p>\n<p>[\/et_pb_text][\/et_pb_column][\/et_pb_row][et_pb_row _builder_version=&#8220;4.16&#8243; background_size=&#8220;initial&#8220; background_position=&#8220;top_left&#8220; background_repeat=&#8220;repeat&#8220; global_colors_info=&#8220;{}&#8220;][et_pb_column type=&#8220;4_4&#8243; _builder_version=&#8220;4.16&#8243; custom_padding=&#8220;|||&#8220; global_colors_info=&#8220;{}&#8220; custom_padding__hover=&#8220;|||&#8220;][et_pb_contact_form email=&#8220;k&#111;&#110;t&#97;&#107;&#116;&#64;juliazi&#101;&#115;c&#104;&#97;&#110;&#103;&#46;d&#101;&#8220; custom_message=&#8220;Name: %%Name%%||et_pb_line_break_holder||E-Mail: %%Email%%||et_pb_line_break_holder||Nachricht: %%Message%%&#8220; module_id=&#8220;et_pb_contact_form_0&#8243; _builder_version=&#8220;4.25.2&#8243; _unique_id=&#8220;83436579-58a7-45c4-9e0f-ff9e95ae5d79&#8243; hover_enabled=&#8220;0&#8243; global_colors_info=&#8220;{}&#8220; sticky_enabled=&#8220;0&#8243;][et_pb_contact_field field_id=&#8220;Name&#8220; field_title=&#8220;Name&#8220; _builder_version=&#8220;4.16&#8243; global_colors_info=&#8220;{}&#8220; button_text_size__hover_enabled=&#8220;off&#8220; button_one_text_size__hover_enabled=&#8220;off&#8220; button_two_text_size__hover_enabled=&#8220;off&#8220; button_text_color__hover_enabled=&#8220;off&#8220; button_one_text_color__hover_enabled=&#8220;off&#8220; button_two_text_color__hover_enabled=&#8220;off&#8220; button_border_width__hover_enabled=&#8220;off&#8220; button_one_border_width__hover_enabled=&#8220;off&#8220; button_two_border_width__hover_enabled=&#8220;off&#8220; button_border_color__hover_enabled=&#8220;off&#8220; button_one_border_color__hover_enabled=&#8220;off&#8220; button_two_border_color__hover_enabled=&#8220;off&#8220; button_border_radius__hover_enabled=&#8220;off&#8220; button_one_border_radius__hover_enabled=&#8220;off&#8220; button_two_border_radius__hover_enabled=&#8220;off&#8220; button_letter_spacing__hover_enabled=&#8220;off&#8220; button_one_letter_spacing__hover_enabled=&#8220;off&#8220; button_two_letter_spacing__hover_enabled=&#8220;off&#8220; button_bg_color__hover_enabled=&#8220;off&#8220; button_one_bg_color__hover_enabled=&#8220;off&#8220; button_two_bg_color__hover_enabled=&#8220;off&#8220;][\/et_pb_contact_field][et_pb_contact_field field_id=&#8220;Email&#8220; field_title=&#8220;E-Mail Adresse&#8220; field_type=&#8220;email&#8220; _builder_version=&#8220;4.16&#8243; global_colors_info=&#8220;{}&#8220; button_text_size__hover_enabled=&#8220;off&#8220; button_one_text_size__hover_enabled=&#8220;off&#8220; button_two_text_size__hover_enabled=&#8220;off&#8220; button_text_color__hover_enabled=&#8220;off&#8220; button_one_text_color__hover_enabled=&#8220;off&#8220; button_two_text_color__hover_enabled=&#8220;off&#8220; button_border_width__hover_enabled=&#8220;off&#8220; button_one_border_width__hover_enabled=&#8220;off&#8220; button_two_border_width__hover_enabled=&#8220;off&#8220; button_border_color__hover_enabled=&#8220;off&#8220; button_one_border_color__hover_enabled=&#8220;off&#8220; button_two_border_color__hover_enabled=&#8220;off&#8220; button_border_radius__hover_enabled=&#8220;off&#8220; button_one_border_radius__hover_enabled=&#8220;off&#8220; button_two_border_radius__hover_enabled=&#8220;off&#8220; button_letter_spacing__hover_enabled=&#8220;off&#8220; button_one_letter_spacing__hover_enabled=&#8220;off&#8220; button_two_letter_spacing__hover_enabled=&#8220;off&#8220; button_bg_color__hover_enabled=&#8220;off&#8220; button_one_bg_color__hover_enabled=&#8220;off&#8220; button_two_bg_color__hover_enabled=&#8220;off&#8220;][\/et_pb_contact_field][et_pb_contact_field field_id=&#8220;Message&#8220; field_title=&#8220;Nachricht&#8220; field_type=&#8220;text&#8220; fullwidth_field=&#8220;on&#8220; _builder_version=&#8220;4.16&#8243; global_colors_info=&#8220;{}&#8220; button_text_size__hover_enabled=&#8220;off&#8220; button_one_text_size__hover_enabled=&#8220;off&#8220; button_two_text_size__hover_enabled=&#8220;off&#8220; button_text_color__hover_enabled=&#8220;off&#8220; button_one_text_color__hover_enabled=&#8220;off&#8220; button_two_text_color__hover_enabled=&#8220;off&#8220; button_border_width__hover_enabled=&#8220;off&#8220; button_one_border_width__hover_enabled=&#8220;off&#8220; button_two_border_width__hover_enabled=&#8220;off&#8220; button_border_color__hover_enabled=&#8220;off&#8220; button_one_border_color__hover_enabled=&#8220;off&#8220; button_two_border_color__hover_enabled=&#8220;off&#8220; button_border_radius__hover_enabled=&#8220;off&#8220; button_one_border_radius__hover_enabled=&#8220;off&#8220; button_two_border_radius__hover_enabled=&#8220;off&#8220; button_letter_spacing__hover_enabled=&#8220;off&#8220; button_one_letter_spacing__hover_enabled=&#8220;off&#8220; button_two_letter_spacing__hover_enabled=&#8220;off&#8220; button_bg_color__hover_enabled=&#8220;off&#8220; button_one_bg_color__hover_enabled=&#8220;off&#8220; button_two_bg_color__hover_enabled=&#8220;off&#8220;][\/et_pb_contact_field][et_pb_contact_field fullwidth_field=&#8220;on&#8220; _builder_version=&#8220;4.25.2&#8243; _module_preset=&#8220;default&#8220; field_id=&#8220;Datenschutz&#8220; field_title=&#8220;Datenschutz&#8220; field_type=&#8220;checkbox&#8220; checkbox_options=&#8220;%91{%22value%22:%22Ich akzeptiere die folgenden %22,%22checked%22:0,%22dragID%22:-1,%22link_url%22:%22\/datenschutz%22,%22link_text%22:%22Datenschutzbestimmungen%22}%93&#8243; hover_enabled=&#8220;0&#8243; sticky_enabled=&#8220;0&#8243;][\/et_pb_contact_field][\/et_pb_contact_form][\/et_pb_column][\/et_pb_row][\/et_pb_section][et_pb_section fb_built=&#8220;1&#8243; _builder_version=&#8220;4.16&#8243; background_color=&#8220;rgba(231,190,183,0.1)&#8220; background_size=&#8220;contain&#8220; background_position=&#8220;bottom_right&#8220; custom_margin=&#8220;0px|||&#8220; custom_padding=&#8220;0px|||&#8220; global_colors_info=&#8220;{}&#8220;][et_pb_row _builder_version=&#8220;4.16&#8243; background_size=&#8220;initial&#8220; background_position=&#8220;top_left&#8220; background_repeat=&#8220;repeat&#8220; global_colors_info=&#8220;{}&#8220;][et_pb_column type=&#8220;4_4&#8243; _builder_version=&#8220;4.16&#8243; custom_padding=&#8220;|||&#8220; global_colors_info=&#8220;{}&#8220; custom_padding__hover=&#8220;|||&#8220;][et_pb_text _builder_version=&#8220;4.16&#8243; header_2_text_align=&#8220;center&#8220; header_2_line_height=&#8220;1.5em&#8220; background_image=&#8220;https:\/\/juliazieschang.de\/wp-content\/uploads\/2017\/12\/brushstroke.png&#8220; background_size=&#8220;contain&#8220; module_alignment=&#8220;center&#8220; custom_margin=&#8220;50px||10px|&#8220; global_colors_info=&#8220;{}&#8220;]<\/p>\n<h2>Aktuelles<\/h2>\n<p>[\/et_pb_text][\/et_pb_column][\/et_pb_row][et_pb_row column_structure=&#8220;1_3,1_3,1_3&#8243; _builder_version=&#8220;4.16&#8243; custom_margin=&#8220;||50px|&#8220; global_colors_info=&#8220;{}&#8220;][et_pb_column type=&#8220;1_3&#8243; _builder_version=&#8220;4.16&#8243; background_color=&#8220;#e7beb7&#8243; custom_padding=&#8220;|||&#8220; global_colors_info=&#8220;{}&#8220; custom_padding__hover=&#8220;|||&#8220;][et_pb_blurb title=&#8220;Blog&#8220; url=&#8220;https:\/\/juliazieschang.de\/blog&#8220; use_icon=&#8220;on&#8220; font_icon=&#8220;&#xe104;||divi||400&#8243; icon_color=&#8220;#ffffff&#8220; image_icon_width=&#8220;50px&#8220; admin_label=&#8220;Blog&#8220; _builder_version=&#8220;4.16&#8243; header_level=&#8220;h1&#8243; text_orientation=&#8220;center&#8220; background_layout=&#8220;dark&#8220; custom_margin=&#8220;15px|15px|15px|15px&#8220; custom_padding=&#8220;70px|0px|70px|0px&#8220; animation=&#8220;off&#8220; border_radii=&#8220;on|0px|0px|0px|0px&#8220; border_width_all=&#8220;2px&#8220; border_color_all=&#8220;#ffffff&#8220; border_color_all_image=&#8220;#ffffff&#8220; icon_font_size=&#8220;50px&#8220; global_colors_info=&#8220;{}&#8220;][\/et_pb_blurb][\/et_pb_column][et_pb_column type=&#8220;1_3&#8243; _builder_version=&#8220;4.16&#8243; background_color=&#8220;#e7beb7&#8243; custom_padding=&#8220;|||&#8220; global_colors_info=&#8220;{}&#8220; custom_padding__hover=&#8220;|||&#8220;][et_pb_blurb title=&#8220;B\u00fccher&#8220; url=&#8220;https:\/\/juliazieschang.de\/buecher&#8220; use_icon=&#8220;on&#8220; font_icon=&#8220;&#xe022;||divi||400&#8243; icon_color=&#8220;#ffffff&#8220; image_icon_width=&#8220;50px&#8220; admin_label=&#8220;B\u00fccher&#8220; _builder_version=&#8220;4.16&#8243; header_level=&#8220;h1&#8243; text_orientation=&#8220;center&#8220; background_layout=&#8220;dark&#8220; custom_margin=&#8220;15px|15px|15px|15px&#8220; custom_padding=&#8220;70px|0px|70px|0px&#8220; animation=&#8220;off&#8220; border_radii=&#8220;on|0px|0px|0px|0px&#8220; border_width_all=&#8220;2px&#8220; border_color_all=&#8220;#ffffff&#8220; border_color_all_image=&#8220;#ffffff&#8220; icon_font_size=&#8220;50px&#8220; global_colors_info=&#8220;{}&#8220;][\/et_pb_blurb][\/et_pb_column][et_pb_column type=&#8220;1_3&#8243; _builder_version=&#8220;4.16&#8243; background_color=&#8220;#e7beb7&#8243; custom_padding=&#8220;|||&#8220; global_colors_info=&#8220;{}&#8220; custom_padding__hover=&#8220;|||&#8220;][et_pb_blurb title=&#8220;Termine&#8220; url=&#8220;https:\/\/juliazieschang.de\/termine&#8220; use_icon=&#8220;on&#8220; font_icon=&#8220;&#xe025;||divi||400&#8243; icon_color=&#8220;#ffffff&#8220; image_icon_width=&#8220;50px&#8220; admin_label=&#8220;Termine&#8220; _builder_version=&#8220;4.16&#8243; header_level=&#8220;h1&#8243; text_orientation=&#8220;center&#8220; background_layout=&#8220;dark&#8220; custom_margin=&#8220;15px|15px|15px|15px&#8220; custom_padding=&#8220;70px|0px|70px|0px&#8220; animation=&#8220;off&#8220; border_radii=&#8220;on|0px|0px|0px|0px&#8220; border_width_all=&#8220;2px&#8220; border_color_all=&#8220;#ffffff&#8220; border_color_all_image=&#8220;#ffffff&#8220; icon_font_size=&#8220;50px&#8220; global_colors_info=&#8220;{}&#8220;][\/et_pb_blurb][\/et_pb_column][\/et_pb_row][\/et_pb_section]<\/p>\n","protected":false},"excerpt":{"rendered":"<p>Kontakt F\u00fcr Presseanfragen, Rechte und Informationen zu den B\u00fcchern wenden Sie sich bitte an: kontakt[at]juliazieschang.de. Ich freue mich immer, von meinen Lesern zu h\u00f6ren! Schreibt mir gerne \u00fcber das\u00a0Kontaktformular, dann geht die Nachricht direkt in mein Postfach.Aktuelles<\/p>\n","protected":false},"author":1,"featured_media":51465,"parent":0,"menu_order":0,"comment_status":"closed","ping_status":"closed","template":"","meta":{"_et_pb_use_builder":"on","_et_pb_old_content":"","_et_gb_content_width":"","footnotes":""},"class_list":["post-50694","page","type-page","status-publish","has-post-thumbnail","hentry"],"yoast_head":"<!-- This site is optimized with the Yoast SEO plugin v27.3 - https:\/\/yoast.com\/product\/yoast-seo-wordpress\/ -->\n<title>Kontakt - Julia Zieschang<\/title>\n<meta name=\"robots\" content=\"index, follow, max-snippet:-1, max-image-preview:large, max-video-preview:-1\" \/>\n<link rel=\"canonical\" href=\"https:\/\/juliazieschang.de\/en\/kontakt\/\" \/>\n<meta property=\"og:locale\" content=\"en_US\" \/>\n<meta property=\"og:type\" content=\"article\" \/>\n<meta property=\"og:title\" content=\"Kontakt - Julia Zieschang\" \/>\n<meta property=\"og:description\" content=\"Kontakt F\u00fcr Presseanfragen, Rechte und Informationen zu den B\u00fcchern wenden Sie sich bitte an: kontakt[at]juliazieschang.de. Ich freue mich immer, von meinen Lesern zu h\u00f6ren! Schreibt mir gerne \u00fcber das\u00a0Kontaktformular, dann geht die Nachricht direkt in mein Postfach.Aktuelles\" \/>\n<meta property=\"og:url\" content=\"https:\/\/juliazieschang.de\/en\/kontakt\/\" \/>\n<meta property=\"og:site_name\" content=\"Julia Zieschang\" \/>\n<meta property=\"article:modified_time\" content=\"2024-06-30T17:45:54+00:00\" \/>\n<meta property=\"og:image\" content=\"https:\/\/juliazieschang.de\/wp-content\/uploads\/2021\/04\/Website-1-scaled-e1617744074563.jpg\" \/>\n\t<meta property=\"og:image:width\" content=\"2560\" \/>\n\t<meta property=\"og:image:height\" content=\"1593\" \/>\n\t<meta property=\"og:image:type\" content=\"image\/jpeg\" \/>\n<meta name=\"twitter:card\" content=\"summary_large_image\" \/>\n<meta name=\"twitter:label1\" content=\"Est. reading time\" \/>\n\t<meta name=\"twitter:data1\" content=\"2 minutes\" \/>\n<script type=\"application\/ld+json\" class=\"yoast-schema-graph\">{\"@context\":\"https:\\\/\\\/schema.org\",\"@graph\":[{\"@type\":\"WebPage\",\"@id\":\"https:\\\/\\\/juliazieschang.de\\\/kontakt\",\"url\":\"https:\\\/\\\/juliazieschang.de\\\/kontakt\",\"name\":\"Kontakt - Julia Zieschang\",\"isPartOf\":{\"@id\":\"https:\\\/\\\/juliazieschang.de\\\/#website\"},\"primaryImageOfPage\":{\"@id\":\"https:\\\/\\\/juliazieschang.de\\\/kontakt#primaryimage\"},\"image\":{\"@id\":\"https:\\\/\\\/juliazieschang.de\\\/kontakt#primaryimage\"},\"thumbnailUrl\":\"https:\\\/\\\/juliazieschang.de\\\/wp-content\\\/uploads\\\/2021\\\/04\\\/Website-1-scaled-e1617744074563.jpg\",\"datePublished\":\"2017-12-11T00:31:55+00:00\",\"dateModified\":\"2024-06-30T17:45:54+00:00\",\"breadcrumb\":{\"@id\":\"https:\\\/\\\/juliazieschang.de\\\/kontakt#breadcrumb\"},\"inLanguage\":\"en-US\",\"potentialAction\":[{\"@type\":\"ReadAction\",\"target\":[\"https:\\\/\\\/juliazieschang.de\\\/kontakt\"]}]},{\"@type\":\"ImageObject\",\"inLanguage\":\"en-US\",\"@id\":\"https:\\\/\\\/juliazieschang.de\\\/kontakt#primaryimage\",\"url\":\"https:\\\/\\\/juliazieschang.de\\\/wp-content\\\/uploads\\\/2021\\\/04\\\/Website-1-scaled-e1617744074563.jpg\",\"contentUrl\":\"https:\\\/\\\/juliazieschang.de\\\/wp-content\\\/uploads\\\/2021\\\/04\\\/Website-1-scaled-e1617744074563.jpg\",\"width\":2560,\"height\":1593,\"caption\":\"Julia Zieschang\"},{\"@type\":\"BreadcrumbList\",\"@id\":\"https:\\\/\\\/juliazieschang.de\\\/kontakt#breadcrumb\",\"itemListElement\":[{\"@type\":\"ListItem\",\"position\":1,\"name\":\"Home\",\"item\":\"https:\\\/\\\/juliazieschang.de\\\/\"},{\"@type\":\"ListItem\",\"position\":2,\"name\":\"Kontakt\"}]},{\"@type\":\"WebSite\",\"@id\":\"https:\\\/\\\/juliazieschang.de\\\/#website\",\"url\":\"https:\\\/\\\/juliazieschang.de\\\/\",\"name\":\"Julia Zieschang\",\"description\":\"Autorin romantischer Fantasyromane und humorvoller Jugendb\u00fccher\",\"potentialAction\":[{\"@type\":\"SearchAction\",\"target\":{\"@type\":\"EntryPoint\",\"urlTemplate\":\"https:\\\/\\\/juliazieschang.de\\\/?s={search_term_string}\"},\"query-input\":{\"@type\":\"PropertyValueSpecification\",\"valueRequired\":true,\"valueName\":\"search_term_string\"}}],\"inLanguage\":\"en-US\"}]}<\/script>\n<!-- \/ Yoast SEO plugin. -->","yoast_head_json":{"title":"Kontakt - Julia Zieschang","robots":{"index":"index","follow":"follow","max-snippet":"max-snippet:-1","max-image-preview":"max-image-preview:large","max-video-preview":"max-video-preview:-1"},"canonical":"https:\/\/juliazieschang.de\/en\/kontakt\/","og_locale":"en_US","og_type":"article","og_title":"Kontakt - Julia Zieschang","og_description":"Kontakt F\u00fcr Presseanfragen, Rechte und Informationen zu den B\u00fcchern wenden Sie sich bitte an: kontakt[at]juliazieschang.de. Ich freue mich immer, von meinen Lesern zu h\u00f6ren! Schreibt mir gerne \u00fcber das\u00a0Kontaktformular, dann geht die Nachricht direkt in mein Postfach.Aktuelles","og_url":"https:\/\/juliazieschang.de\/en\/kontakt\/","og_site_name":"Julia Zieschang","article_modified_time":"2024-06-30T17:45:54+00:00","og_image":[{"width":2560,"height":1593,"url":"https:\/\/juliazieschang.de\/wp-content\/uploads\/2021\/04\/Website-1-scaled-e1617744074563.jpg","type":"image\/jpeg"}],"twitter_card":"summary_large_image","twitter_misc":{"Est. reading time":"2 minutes"},"schema":{"@context":"https:\/\/schema.org","@graph":[{"@type":"WebPage","@id":"https:\/\/juliazieschang.de\/kontakt","url":"https:\/\/juliazieschang.de\/kontakt","name":"Kontakt - Julia Zieschang","isPartOf":{"@id":"https:\/\/juliazieschang.de\/#website"},"primaryImageOfPage":{"@id":"https:\/\/juliazieschang.de\/kontakt#primaryimage"},"image":{"@id":"https:\/\/juliazieschang.de\/kontakt#primaryimage"},"thumbnailUrl":"https:\/\/juliazieschang.de\/wp-content\/uploads\/2021\/04\/Website-1-scaled-e1617744074563.jpg","datePublished":"2017-12-11T00:31:55+00:00","dateModified":"2024-06-30T17:45:54+00:00","breadcrumb":{"@id":"https:\/\/juliazieschang.de\/kontakt#breadcrumb"},"inLanguage":"en-US","potentialAction":[{"@type":"ReadAction","target":["https:\/\/juliazieschang.de\/kontakt"]}]},{"@type":"ImageObject","inLanguage":"en-US","@id":"https:\/\/juliazieschang.de\/kontakt#primaryimage","url":"https:\/\/juliazieschang.de\/wp-content\/uploads\/2021\/04\/Website-1-scaled-e1617744074563.jpg","contentUrl":"https:\/\/juliazieschang.de\/wp-content\/uploads\/2021\/04\/Website-1-scaled-e1617744074563.jpg","width":2560,"height":1593,"caption":"Julia Zieschang"},{"@type":"BreadcrumbList","@id":"https:\/\/juliazieschang.de\/kontakt#breadcrumb","itemListElement":[{"@type":"ListItem","position":1,"name":"Home","item":"https:\/\/juliazieschang.de\/"},{"@type":"ListItem","position":2,"name":"Kontakt"}]},{"@type":"WebSite","@id":"https:\/\/juliazieschang.de\/#website","url":"https:\/\/juliazieschang.de\/","name":"Julia Zieschang","description":"Autorin romantischer Fantasyromane und humorvoller Jugendb\u00fccher","potentialAction":[{"@type":"SearchAction","target":{"@type":"EntryPoint","urlTemplate":"https:\/\/juliazieschang.de\/?s={search_term_string}"},"query-input":{"@type":"PropertyValueSpecification","valueRequired":true,"valueName":"search_term_string"}}],"inLanguage":"en-US"}]}},"_links":{"self":[{"href":"https:\/\/juliazieschang.de\/en\/wp-json\/wp\/v2\/pages\/50694","targetHints":{"allow":["GET"]}}],"collection":[{"href":"https:\/\/juliazieschang.de\/en\/wp-json\/wp\/v2\/pages"}],"about":[{"href":"https:\/\/juliazieschang.de\/en\/wp-json\/wp\/v2\/types\/page"}],"author":[{"embeddable":true,"href":"https:\/\/juliazieschang.de\/en\/wp-json\/wp\/v2\/users\/1"}],"replies":[{"embeddable":true,"href":"https:\/\/juliazieschang.de\/en\/wp-json\/wp\/v2\/comments?post=50694"}],"version-history":[{"count":0,"href":"https:\/\/juliazieschang.de\/en\/wp-json\/wp\/v2\/pages\/50694\/revisions"}],"wp:featuredmedia":[{"embeddable":true,"href":"https:\/\/juliazieschang.de\/en\/wp-json\/wp\/v2\/media\/51465"}],"wp:attachment":[{"href":"https:\/\/juliazieschang.de\/en\/wp-json\/wp\/v2\/media?parent=50694"}],"curies":[{"name":"wp","href":"https:\/\/api.w.org\/{rel}","templated":true}]}}