{"id":50836,"date":"2017-12-13T23:37:14","date_gmt":"2017-12-13T22:37:14","guid":{"rendered":"https:\/\/juliazieschang.de\/?page_id=50836"},"modified":"2017-12-20T13:30:52","modified_gmt":"2017-12-20T12:30:52","slug":"downloads","status":"publish","type":"page","link":"https:\/\/juliazieschang.de\/en\/downloads","title":{"rendered":"Downloads"},"content":{"rendered":"<p>[et_pb_section bb_built=&#8220;1&#8243; background_color=&#8220;#ffffff&#8220; _builder_version=&#8220;3.0.91&#8243; background_size=&#8220;contain&#8220; background_position=&#8220;bottom_right&#8220; custom_margin=&#8220;0px|||&#8220; custom_padding=&#8220;50px|||&#8220;][et_pb_row custom_width_px=&#8220;1440px&#8220; custom_padding=&#8220;|||&#8220; _builder_version=&#8220;3.0.84&#8243;][et_pb_column type=&#8220;4_4&#8243;][et_pb_text admin_label=&#8220;Kostenlose Downloads&#8220; _builder_version=&#8220;3.0.92&#8243; header_font_size=&#8220;42px&#8220; background_image=&#8220;https:\/\/juliazieschang.de\/wp-content\/uploads\/2017\/12\/feder5.png&#8220; background_size=&#8220;contain&#8220; background_position=&#8220;bottom_center&#8220; custom_padding=&#8220;||30px|&#8220; locked=&#8220;off&#8220; background_layout=&#8220;light&#8220; header_font_size_tablet=&#8220;28&#8243; header_font_size_last_edited=&#8220;on|phone&#8220;]<\/p>\n<h1 style=\"text-align: center;\">Kostenlose Downloads<\/h1>\n<p>[\/et_pb_text][et_pb_text _builder_version=&#8220;3.0.91&#8243; text_line_height=&#8220;2em&#8220; background_layout=&#8220;light&#8220;]<\/p>\n<p class=\"p1\" style=\"text-align: center;\">Willkommen im Download-Bereich von Julia Zieschang!<br \/>\nIn diesem Bereich findest du Bonus-Material zu meinen B\u00fcchern, wie zum Beispiel unver\u00f6ffentlichte Szenen und andere spannende Extras. Um dein eigenes Passwort f\u00fcr meinen Download-Bereich zu erhalten, <strong>melde dich einfach hier f\u00fcr meinen Newsletter an<\/strong>!<\/p>\n<p>[\/et_pb_text][\/et_pb_column][\/et_pb_row][et_pb_row custom_padding=&#8220;50px|50px|50px|50px&#8220; background_color=&#8220;rgba(231,190,183,0.3)&#8220; _builder_version=&#8220;3.0.92&#8243; custom_padding_tablet=&#8220;25px|25px|25px|25px&#8220; custom_padding_last_edited=&#8220;on|phone&#8220; custom_margin=&#8220;50px|||&#8220; custom_margin_tablet=&#8220;0px|||&#8220; custom_margin_last_edited=&#8220;on|phone&#8220;][et_pb_column type=&#8220;4_4&#8243;][et_pb_text admin_label=&#8220;Autoren-Newsletter&#8220; _builder_version=&#8220;3.0.91&#8243; text_line_height=&#8220;2em&#8220;]<\/p>\n<h2 class=\"p1\" style=\"text-align: center;\">Autoren-Newsletter<\/h2>\n<p>[\/et_pb_text][et_pb_signup admin_label=&#8220;Newsletter Sign-up&#8220; activecampaign_list=&#8220;|none&#8220; aweber_list=&#8220;|none&#8220; campaign_monitor_list=&#8220;|none&#8220; constant_contact_list=&#8220;|none&#8220; convertkit_list=&#8220;|none&#8220; emma_list=&#8220;|none&#8220; feedblitz_list=&#8220;|none&#8220; getresponse_list=&#8220;|none&#8220; hubspot_list=&#8220;|none&#8220; icontact_list=&#8220;|none&#8220; infusionsoft_list=&#8220;|none&#8220; madmimi_list=&#8220;|none&#8220; mailchimp_list=&#8220;Julia Zieschang|1f070c2b8d&#8220; mailerlite_list=&#8220;|none&#8220; mailpoet_list=&#8220;|none&#8220; mailster_list=&#8220;|none&#8220; ontraport_list=&#8220;|none&#8220; salesforce_list=&#8220;|none&#8220; sendinblue_list=&#8220;|none&#8220; last_name_field=&#8220;off&#8220; success_message=&#8220;Das hat geklappt, danke!&#8220; button_text=&#8220;Abonnieren&#8220; use_background_color=&#8220;off&#8220; background_layout=&#8220;light&#8220; _builder_version=&#8220;3.0.92&#8243; header_level=&#8220;h1&#8243; result_message_font_size_tablet=&#8220;51&#8243; result_message_line_height_tablet=&#8220;2&#8243; custom_button=&#8220;on&#8220; button_text_size=&#8220;16&#8243; button_text_color=&#8220;#ffffff&#8220; button_bg_color=&#8220;#e7beb7&#8243; button_border_color=&#8220;#e7beb7&#8243; button_font=&#8220;Poppins|500||on|||||&#8220; button_use_icon=&#8220;off&#8220; button_bg_color_hover=&#8220;#333333&#8243; button_border_color_hover=&#8220;#333333&#8243; animation_style=&#8220;slide&#8220; animation_direction=&#8220;top&#8220; animation_intensity_slide=&#8220;6%&#8220; button_icon_placement=&#8220;right&#8220;]<\/p>\n<p style=\"text-align: left;\">Dir gefallen meine B\u00fccher und du w\u00fcrdest gern mehr \u00fcber die Hintergr\u00fcnde meiner Geschichten erfahren? Du m\u00f6chtest keine Neuerscheinung verpassen und vor allen anderen spannende Details \u00fcber meine n\u00e4chsten Neuerscheinungen erhalten? Jetzt zum Autoren-Newsletter anmelden!<\/p>\n<p>[\/et_pb_signup][\/et_pb_column][\/et_pb_row][\/et_pb_section][et_pb_section bb_built=&#8220;1&#8243; background_color=&#8220;#504f5d&#8220; _builder_version=&#8220;3.0.91&#8243;][et_pb_row _builder_version=&#8220;3.0.92&#8243; background_size=&#8220;initial&#8220; background_position=&#8220;top_left&#8220; background_repeat=&#8220;repeat&#8220; custom_padding_last_edited=&#8220;off|phone&#8220;][et_pb_column type=&#8220;4_4&#8243;][et_pb_text admin_label=&#8220;Einloggen&#8220; background_layout=&#8220;dark&#8220; _builder_version=&#8220;3.0.91&#8243; text_line_height=&#8220;2em&#8220;]<\/p>\n<h2 class=\"p1\" style=\"text-align: center;\">Hier einloggen, um zu den Downloads zu gelangen:<\/h2>\n<p>[\/et_pb_text][et_pb_button button_url=&#8220;https:\/\/juliazieschang.de\/vip-insider&#8220; button_text=&#8220;Einloggen&#8220; button_alignment=&#8220;center&#8220; _builder_version=&#8220;3.0.91&#8243; custom_margin=&#8220;|||&#8220; custom_padding=&#8220;12px|28px|12px|28px&#8220; custom_button=&#8220;on&#8220; button_text_size=&#8220;13&#8243; button_text_color=&#8220;#ffffff&#8220; button_bg_color=&#8220;#e7beb7&#8243; button_use_icon=&#8220;off&#8220; button_text_color_hover=&#8220;#ffffff&#8220; button_bg_color_hover=&#8220;#333333&#8243; button_letter_spacing_hover=&#8220;2&#8243; saved_tabs=&#8220;all&#8220;]<\/p>\n<p>&nbsp;<\/p>\n<p>[\/et_pb_button][\/et_pb_column][\/et_pb_row][\/et_pb_section]<\/p>\n","protected":false},"excerpt":{"rendered":"<p>Kostenlose Downloads Willkommen im Download-Bereich von Julia Zieschang! In diesem Bereich findest du Bonus-Material zu meinen B\u00fcchern, wie zum Beispiel unver\u00f6ffentlichte Szenen und andere spannende Extras. Um dein eigenes Passwort f\u00fcr meinen Download-Bereich zu erhalten, melde dich einfach hier f\u00fcr meinen Newsletter an! Autoren-Newsletter Dir gefallen meine B\u00fccher und du w\u00fcrdest gern mehr \u00fcber die [&hellip;]<\/p>\n","protected":false},"author":1,"featured_media":51465,"parent":0,"menu_order":0,"comment_status":"closed","ping_status":"closed","template":"","meta":{"_et_pb_use_builder":"on","_et_pb_old_content":"","_et_gb_content_width":"","footnotes":""},"class_list":["post-50836","page","type-page","status-publish","has-post-thumbnail","hentry"],"yoast_head":"<!-- This site is optimized with the Yoast SEO plugin v27.3 - https:\/\/yoast.com\/product\/yoast-seo-wordpress\/ -->\n<title>Kostenlose Downloads<\/title>\n<meta name=\"description\" content=\"In diesem Bereich findest du Bonus-Material zu meinen B\u00fcchern, wie zum Beispiel unver\u00f6ffentlichte Szenen und andere spannende Extras!\" \/>\n<meta name=\"robots\" content=\"index, follow, max-snippet:-1, max-image-preview:large, max-video-preview:-1\" \/>\n<link rel=\"canonical\" href=\"https:\/\/juliazieschang.de\/en\/downloads\/\" \/>\n<meta property=\"og:locale\" content=\"en_US\" \/>\n<meta property=\"og:type\" content=\"article\" \/>\n<meta property=\"og:title\" content=\"Kostenlose Downloads\" \/>\n<meta property=\"og:description\" content=\"In diesem Bereich findest du Bonus-Material zu meinen B\u00fcchern, wie zum Beispiel unver\u00f6ffentlichte Szenen und andere spannende Extras!\" \/>\n<meta property=\"og:url\" content=\"https:\/\/juliazieschang.de\/en\/downloads\/\" \/>\n<meta property=\"og:site_name\" content=\"Julia Zieschang\" \/>\n<meta property=\"article:modified_time\" content=\"2017-12-20T12:30:52+00:00\" \/>\n<meta property=\"og:image\" content=\"https:\/\/juliazieschang.de\/wp-content\/uploads\/2021\/04\/Website-1-scaled-e1617744074563.jpg\" \/>\n\t<meta property=\"og:image:width\" content=\"2560\" \/>\n\t<meta property=\"og:image:height\" content=\"1593\" \/>\n\t<meta property=\"og:image:type\" content=\"image\/jpeg\" \/>\n<meta name=\"twitter:card\" content=\"summary_large_image\" \/>\n<meta name=\"twitter:label1\" content=\"Est. reading time\" \/>\n\t<meta name=\"twitter:data1\" content=\"3 minutes\" \/>\n<script type=\"application\/ld+json\" class=\"yoast-schema-graph\">{\"@context\":\"https:\\\/\\\/schema.org\",\"@graph\":[{\"@type\":\"WebPage\",\"@id\":\"https:\\\/\\\/juliazieschang.de\\\/downloads\",\"url\":\"https:\\\/\\\/juliazieschang.de\\\/downloads\",\"name\":\"Kostenlose Downloads\",\"isPartOf\":{\"@id\":\"https:\\\/\\\/juliazieschang.de\\\/#website\"},\"primaryImageOfPage\":{\"@id\":\"https:\\\/\\\/juliazieschang.de\\\/downloads#primaryimage\"},\"image\":{\"@id\":\"https:\\\/\\\/juliazieschang.de\\\/downloads#primaryimage\"},\"thumbnailUrl\":\"https:\\\/\\\/juliazieschang.de\\\/wp-content\\\/uploads\\\/2021\\\/04\\\/Website-1-scaled-e1617744074563.jpg\",\"datePublished\":\"2017-12-13T22:37:14+00:00\",\"dateModified\":\"2017-12-20T12:30:52+00:00\",\"description\":\"In diesem Bereich findest du Bonus-Material zu meinen B\u00fcchern, wie zum Beispiel unver\u00f6ffentlichte Szenen und andere spannende Extras!\",\"breadcrumb\":{\"@id\":\"https:\\\/\\\/juliazieschang.de\\\/downloads#breadcrumb\"},\"inLanguage\":\"en-US\",\"potentialAction\":[{\"@type\":\"ReadAction\",\"target\":[\"https:\\\/\\\/juliazieschang.de\\\/downloads\"]}]},{\"@type\":\"ImageObject\",\"inLanguage\":\"en-US\",\"@id\":\"https:\\\/\\\/juliazieschang.de\\\/downloads#primaryimage\",\"url\":\"https:\\\/\\\/juliazieschang.de\\\/wp-content\\\/uploads\\\/2021\\\/04\\\/Website-1-scaled-e1617744074563.jpg\",\"contentUrl\":\"https:\\\/\\\/juliazieschang.de\\\/wp-content\\\/uploads\\\/2021\\\/04\\\/Website-1-scaled-e1617744074563.jpg\",\"width\":2560,\"height\":1593,\"caption\":\"Julia Zieschang\"},{\"@type\":\"BreadcrumbList\",\"@id\":\"https:\\\/\\\/juliazieschang.de\\\/downloads#breadcrumb\",\"itemListElement\":[{\"@type\":\"ListItem\",\"position\":1,\"name\":\"Home\",\"item\":\"https:\\\/\\\/juliazieschang.de\\\/\"},{\"@type\":\"ListItem\",\"position\":2,\"name\":\"Downloads\"}]},{\"@type\":\"WebSite\",\"@id\":\"https:\\\/\\\/juliazieschang.de\\\/#website\",\"url\":\"https:\\\/\\\/juliazieschang.de\\\/\",\"name\":\"Julia Zieschang\",\"description\":\"Autorin romantischer Fantasyromane und humorvoller Jugendb\u00fccher\",\"potentialAction\":[{\"@type\":\"SearchAction\",\"target\":{\"@type\":\"EntryPoint\",\"urlTemplate\":\"https:\\\/\\\/juliazieschang.de\\\/?s={search_term_string}\"},\"query-input\":{\"@type\":\"PropertyValueSpecification\",\"valueRequired\":true,\"valueName\":\"search_term_string\"}}],\"inLanguage\":\"en-US\"}]}<\/script>\n<!-- \/ Yoast SEO plugin. -->","yoast_head_json":{"title":"Kostenlose Downloads","description":"In diesem Bereich findest du Bonus-Material zu meinen B\u00fcchern, wie zum Beispiel unver\u00f6ffentlichte Szenen und andere spannende Extras!","robots":{"index":"index","follow":"follow","max-snippet":"max-snippet:-1","max-image-preview":"max-image-preview:large","max-video-preview":"max-video-preview:-1"},"canonical":"https:\/\/juliazieschang.de\/en\/downloads\/","og_locale":"en_US","og_type":"article","og_title":"Kostenlose Downloads","og_description":"In diesem Bereich findest du Bonus-Material zu meinen B\u00fcchern, wie zum Beispiel unver\u00f6ffentlichte Szenen und andere spannende Extras!","og_url":"https:\/\/juliazieschang.de\/en\/downloads\/","og_site_name":"Julia Zieschang","article_modified_time":"2017-12-20T12:30:52+00:00","og_image":[{"width":2560,"height":1593,"url":"https:\/\/juliazieschang.de\/wp-content\/uploads\/2021\/04\/Website-1-scaled-e1617744074563.jpg","type":"image\/jpeg"}],"twitter_card":"summary_large_image","twitter_misc":{"Est. reading time":"3 minutes"},"schema":{"@context":"https:\/\/schema.org","@graph":[{"@type":"WebPage","@id":"https:\/\/juliazieschang.de\/downloads","url":"https:\/\/juliazieschang.de\/downloads","name":"Kostenlose Downloads","isPartOf":{"@id":"https:\/\/juliazieschang.de\/#website"},"primaryImageOfPage":{"@id":"https:\/\/juliazieschang.de\/downloads#primaryimage"},"image":{"@id":"https:\/\/juliazieschang.de\/downloads#primaryimage"},"thumbnailUrl":"https:\/\/juliazieschang.de\/wp-content\/uploads\/2021\/04\/Website-1-scaled-e1617744074563.jpg","datePublished":"2017-12-13T22:37:14+00:00","dateModified":"2017-12-20T12:30:52+00:00","description":"In diesem Bereich findest du Bonus-Material zu meinen B\u00fcchern, wie zum Beispiel unver\u00f6ffentlichte Szenen und andere spannende Extras!","breadcrumb":{"@id":"https:\/\/juliazieschang.de\/downloads#breadcrumb"},"inLanguage":"en-US","potentialAction":[{"@type":"ReadAction","target":["https:\/\/juliazieschang.de\/downloads"]}]},{"@type":"ImageObject","inLanguage":"en-US","@id":"https:\/\/juliazieschang.de\/downloads#primaryimage","url":"https:\/\/juliazieschang.de\/wp-content\/uploads\/2021\/04\/Website-1-scaled-e1617744074563.jpg","contentUrl":"https:\/\/juliazieschang.de\/wp-content\/uploads\/2021\/04\/Website-1-scaled-e1617744074563.jpg","width":2560,"height":1593,"caption":"Julia Zieschang"},{"@type":"BreadcrumbList","@id":"https:\/\/juliazieschang.de\/downloads#breadcrumb","itemListElement":[{"@type":"ListItem","position":1,"name":"Home","item":"https:\/\/juliazieschang.de\/"},{"@type":"ListItem","position":2,"name":"Downloads"}]},{"@type":"WebSite","@id":"https:\/\/juliazieschang.de\/#website","url":"https:\/\/juliazieschang.de\/","name":"Julia Zieschang","description":"Autorin romantischer Fantasyromane und humorvoller Jugendb\u00fccher","potentialAction":[{"@type":"SearchAction","target":{"@type":"EntryPoint","urlTemplate":"https:\/\/juliazieschang.de\/?s={search_term_string}"},"query-input":{"@type":"PropertyValueSpecification","valueRequired":true,"valueName":"search_term_string"}}],"inLanguage":"en-US"}]}},"_links":{"self":[{"href":"https:\/\/juliazieschang.de\/en\/wp-json\/wp\/v2\/pages\/50836","targetHints":{"allow":["GET"]}}],"collection":[{"href":"https:\/\/juliazieschang.de\/en\/wp-json\/wp\/v2\/pages"}],"about":[{"href":"https:\/\/juliazieschang.de\/en\/wp-json\/wp\/v2\/types\/page"}],"author":[{"embeddable":true,"href":"https:\/\/juliazieschang.de\/en\/wp-json\/wp\/v2\/users\/1"}],"replies":[{"embeddable":true,"href":"https:\/\/juliazieschang.de\/en\/wp-json\/wp\/v2\/comments?post=50836"}],"version-history":[{"count":0,"href":"https:\/\/juliazieschang.de\/en\/wp-json\/wp\/v2\/pages\/50836\/revisions"}],"wp:featuredmedia":[{"embeddable":true,"href":"https:\/\/juliazieschang.de\/en\/wp-json\/wp\/v2\/media\/51465"}],"wp:attachment":[{"href":"https:\/\/juliazieschang.de\/en\/wp-json\/wp\/v2\/media?parent=50836"}],"curies":[{"name":"wp","href":"https:\/\/api.w.org\/{rel}","templated":true}]}}