{"id":51299,"date":"2019-12-27T15:39:33","date_gmt":"2019-12-27T14:39:33","guid":{"rendered":"https:\/\/juliazieschang.de\/?page_id=51299"},"modified":"2025-01-24T18:49:29","modified_gmt":"2025-01-24T17:49:29","slug":"podcast","status":"publish","type":"page","link":"https:\/\/juliazieschang.de\/en\/podcast","title":{"rendered":"Podcast"},"content":{"rendered":"<p>[et_pb_section fb_built=&#8220;1&#8243; _builder_version=&#8220;4.16&#8243; background_color=&#8220;#FFFFFF&#8220; background_size=&#8220;contain&#8220; background_position=&#8220;bottom_right&#8220; custom_margin=&#8220;0px|||&#8220; custom_padding=&#8220;50px||0px||false|false&#8220; global_colors_info=&#8220;{}&#8220;][et_pb_row _builder_version=&#8220;4.16&#8243; custom_padding=&#8220;|||&#8220; custom_width_px=&#8220;1440px&#8220; global_colors_info=&#8220;{}&#8220;][et_pb_column type=&#8220;4_4&#8243; _builder_version=&#8220;4.16&#8243; custom_padding=&#8220;|||&#8220; global_colors_info=&#8220;{}&#8220; custom_padding__hover=&#8220;|||&#8220;][et_pb_text admin_label=&#8220;Podcast&#8220; _builder_version=&#8220;4.16&#8243; header_font_size=&#8220;42px&#8220; background_image=&#8220;https:\/\/juliazieschang.de\/wp-content\/uploads\/2017\/12\/feder4.png&#8220; background_size=&#8220;contain&#8220; background_position=&#8220;bottom_center&#8220; custom_padding=&#8220;||30px|&#8220; header_font_size_tablet=&#8220;28&#8243; header_font_size_phone=&#8220;&#8220; header_font_size_last_edited=&#8220;on|phone&#8220; locked=&#8220;off&#8220; global_colors_info=&#8220;{}&#8220;]<\/p>\n<h1 style=\"text-align: center;\">Podcast<\/h1>\n<p>[\/et_pb_text][\/et_pb_column][\/et_pb_row][et_pb_row _builder_version=&#8220;4.16&#8243; background_color=&#8220;rgba(231,190,183,0.1)&#8220; background_size=&#8220;initial&#8220; background_position=&#8220;top_left&#8220; background_repeat=&#8220;repeat&#8220; global_colors_info=&#8220;{}&#8220;][et_pb_column type=&#8220;4_4&#8243; _builder_version=&#8220;4.16&#8243; custom_padding=&#8220;|||&#8220; global_colors_info=&#8220;{}&#8220; custom_padding__hover=&#8220;|||&#8220;][et_pb_image src=&#8220;https:\/\/juliazieschang.de\/wp-content\/uploads\/2022\/07\/BS-Podcast-Cover-neu-gold.jpg&#8220; alt=&#8220;B\u00fccher &#038; Sonntage &#8211; mit Julia Zieschang&#8220; src_tablet=&#8220;https:\/\/juliazieschang.de\/wp-content\/uploads\/2022\/07\/BS-Podcast-Cover-neu-gold.jpg&#8220; src_phone=&#8220;https:\/\/juliazieschang.de\/wp-content\/uploads\/2022\/07\/BS-Podcast-Cover-neu-gold.jpg&#8220; src_last_edited=&#8220;on|tablet&#8220; show_bottom_space_tablet=&#8220;&#8220; show_bottom_space_phone=&#8220;&#8220; show_bottom_space_last_edited=&#8220;on|phone&#8220; admin_label=&#8220;Podcast-Cover&#8220; _builder_version=&#8220;4.18.0&#8243; width=&#8220;75%&#8220; module_alignment=&#8220;center&#8220; custom_margin=&#8220;0px||0px||false|false&#8220; custom_padding_tablet=&#8220;&#8220; custom_padding_phone=&#8220;&#8220; custom_padding_last_edited=&#8220;on|phone&#8220; module_alignment_tablet=&#8220;&#8220; module_alignment_phone=&#8220;&#8220; module_alignment_last_edited=&#8220;on|desktop&#8220; global_colors_info=&#8220;{}&#8220;][\/et_pb_image][\/et_pb_column][\/et_pb_row][et_pb_row _builder_version=&#8220;4.16&#8243; custom_padding=&#8220;||0px||false|false&#8220; global_colors_info=&#8220;{}&#8220;][et_pb_column type=&#8220;4_4&#8243; _builder_version=&#8220;4.16&#8243; custom_padding=&#8220;|||&#8220; global_colors_info=&#8220;{}&#8220; custom_padding__hover=&#8220;|||&#8220;][et_pb_text admin_label=&#8220;Podcast Text&#8220; _builder_version=&#8220;4.20.4&#8243; global_colors_info=&#8220;{}&#8220;]<\/p>\n<h3 style=\"text-align: center;\">B\u00fccher &amp; Sonntage<\/h3>\n<p style=\"text-align: center;\">&#8230; ist der Podcast f\u00fcr alle, die B\u00fccher lieben!<\/p>\n<p style=\"text-align: center;\">G\u00e4ste des Podcasts sind u. a. Cornelia Funke, Sebastian Fitzek und Lars Amend.<\/p>\n<p style=\"text-align: center;\">Hier findest du spannende Autoreninterviews, exklusive H\u00f6rproben und nat\u00fcrlich jede Menge Inspiration f\u00fcr deine n\u00e4chste Sonntagslekt\u00fcre.<\/p>\n<h3 style=\"text-align: center;\">Jetzt den Podcast anh\u00f6ren auf:<\/h3>\n<p style=\"text-align: center;\">[\/et_pb_text][\/et_pb_column][\/et_pb_row][\/et_pb_section][et_pb_section fb_built=&#8220;1&#8243; admin_label=&#8220;Hero Section&#8220; _builder_version=&#8220;4.16&#8243; background_color=&#8220;#ffffff&#8220; background_color_gradient_direction=&#8220;131deg&#8220; custom_padding=&#8220;0px|0px||0px|false|false&#8220; animation_direction=&#8220;top&#8220; global_colors_info=&#8220;{}&#8220;][et_pb_row column_structure=&#8220;1_2,1_2&#8243; _builder_version=&#8220;4.16&#8243; global_colors_info=&#8220;{}&#8220;][et_pb_column type=&#8220;1_2&#8243; _builder_version=&#8220;4.16&#8243; global_colors_info=&#8220;{}&#8220;][et_pb_button button_url=&#8220;https:\/\/podcasts.apple.com\/de\/podcast\/b%C3%BCcher-sonntage\/id1493709565&#8243; url_new_window=&#8220;on&#8220; button_text=&#8220;Apple Podcasts&#8220; button_alignment=&#8220;center&#8220; admin_label=&#8220;iTunes Button&#8220; _builder_version=&#8220;4.27.4&#8243; custom_button=&#8220;on&#8220; button_text_size=&#8220;17px&#8220; button_bg_color=&#8220;#e7beb7&#8243; button_border_width=&#8220;1px&#8220; button_border_color=&#8220;#A17A70&#8243; button_border_radius=&#8220;38px&#8220; button_letter_spacing=&#8220;2px&#8220; button_font=&#8220;|||||on|||&#8220; button_icon=&#8220;&#xf179;||fa||400&#8243; button_icon_color=&#8220;#ffffff&#8220; button_icon_placement=&#8220;left&#8220; button_on_hover=&#8220;off&#8220; custom_margin=&#8220;||||false|false&#8220; custom_padding=&#8220;||||false|false&#8220; hover_enabled=&#8220;0&#8243; global_colors_info=&#8220;{}&#8220; sticky_enabled=&#8220;0&#8243;][\/et_pb_button][\/et_pb_column][et_pb_column type=&#8220;1_2&#8243; _builder_version=&#8220;4.16&#8243; global_colors_info=&#8220;{}&#8220;][et_pb_button button_url=&#8220;https:\/\/open.spotify.com\/show\/0f8oNzNLQGH48FGrSEFagp&#8220; url_new_window=&#8220;on&#8220; button_text=&#8220;Spotify&#8220; button_alignment=&#8220;center&#8220; admin_label=&#8220;iTunes Button&#8220; _builder_version=&#8220;4.21.0&#8243; custom_button=&#8220;on&#8220; button_text_size=&#8220;17px&#8220; button_bg_color=&#8220;#e7beb7&#8243; button_border_width=&#8220;1px&#8220; button_border_color=&#8220;#A17A70&#8243; button_border_radius=&#8220;37px&#8220; button_letter_spacing=&#8220;2px&#8220; button_font=&#8220;|||||on|||&#8220; button_icon=&#8220;&#xe0a8;||divi||400&#8243; button_icon_color=&#8220;#ffffff&#8220; button_icon_placement=&#8220;left&#8220; button_on_hover=&#8220;off&#8220; custom_margin=&#8220;||||false|false&#8220; custom_padding=&#8220;||||false|false&#8220; global_colors_info=&#8220;{}&#8220;][\/et_pb_button][\/et_pb_column][\/et_pb_row][\/et_pb_section][et_pb_section fb_built=&#8220;1&#8243; _builder_version=&#8220;4.16&#8243; background_color=&#8220;rgba(231,190,183,0.1)&#8220; background_size=&#8220;contain&#8220; background_position=&#8220;bottom_right&#8220; custom_margin=&#8220;0px|||&#8220; custom_padding=&#8220;0px|||&#8220; global_colors_info=&#8220;{}&#8220;][et_pb_row _builder_version=&#8220;4.16&#8243; background_size=&#8220;initial&#8220; background_position=&#8220;top_left&#8220; background_repeat=&#8220;repeat&#8220; global_colors_info=&#8220;{}&#8220;][et_pb_column type=&#8220;4_4&#8243; _builder_version=&#8220;4.16&#8243; custom_padding=&#8220;|||&#8220; global_colors_info=&#8220;{}&#8220; custom_padding__hover=&#8220;|||&#8220;][et_pb_text _builder_version=&#8220;4.16&#8243; header_2_text_align=&#8220;center&#8220; header_2_line_height=&#8220;1.5em&#8220; background_image=&#8220;https:\/\/juliazieschang.de\/wp-content\/uploads\/2017\/12\/brushstroke.png&#8220; background_size=&#8220;contain&#8220; module_alignment=&#8220;center&#8220; custom_margin=&#8220;50px||10px|&#8220; global_colors_info=&#8220;{}&#8220;]<\/p>\n<h2>Aktuelles<\/h2>\n<p>[\/et_pb_text][\/et_pb_column][\/et_pb_row][et_pb_row column_structure=&#8220;1_3,1_3,1_3&#8243; _builder_version=&#8220;4.16&#8243; custom_margin=&#8220;||50px|&#8220; global_colors_info=&#8220;{}&#8220;][et_pb_column type=&#8220;1_3&#8243; _builder_version=&#8220;4.16&#8243; background_color=&#8220;#e7beb7&#8243; custom_padding=&#8220;|||&#8220; global_colors_info=&#8220;{}&#8220; custom_padding__hover=&#8220;|||&#8220;][et_pb_blurb title=&#8220;Blog&#8220; url=&#8220;https:\/\/juliazieschang.de\/blog&#8220; use_icon=&#8220;on&#8220; font_icon=&#8220;&#xe104;||divi||400&#8243; icon_color=&#8220;#ffffff&#8220; image_icon_width=&#8220;50px&#8220; admin_label=&#8220;Blog&#8220; _builder_version=&#8220;4.16&#8243; header_level=&#8220;h1&#8243; text_orientation=&#8220;center&#8220; background_layout=&#8220;dark&#8220; custom_margin=&#8220;15px|15px|15px|15px&#8220; custom_padding=&#8220;70px|0px|70px|0px&#8220; animation=&#8220;off&#8220; border_radii=&#8220;on|0px|0px|0px|0px&#8220; border_width_all=&#8220;2px&#8220; border_color_all=&#8220;#ffffff&#8220; border_color_all_image=&#8220;#ffffff&#8220; icon_font_size=&#8220;50px&#8220; global_colors_info=&#8220;{}&#8220;]\u00a0<br \/>\n[\/et_pb_blurb][\/et_pb_column][et_pb_column type=&#8220;1_3&#8243; _builder_version=&#8220;4.16&#8243; background_color=&#8220;#e7beb7&#8243; custom_padding=&#8220;|||&#8220; global_colors_info=&#8220;{}&#8220; custom_padding__hover=&#8220;|||&#8220;][et_pb_blurb title=&#8220;B\u00fccher&#8220; url=&#8220;https:\/\/juliazieschang.de\/buecher&#8220; use_icon=&#8220;on&#8220; font_icon=&#8220;&#xe022;||divi||400&#8243; icon_color=&#8220;#ffffff&#8220; image_icon_width=&#8220;50px&#8220; admin_label=&#8220;Termine&#8220; _builder_version=&#8220;4.16&#8243; header_level=&#8220;h1&#8243; text_orientation=&#8220;center&#8220; background_layout=&#8220;dark&#8220; custom_margin=&#8220;15px|15px|15px|15px&#8220; custom_padding=&#8220;70px|0px|70px|0px&#8220; animation=&#8220;off&#8220; border_radii=&#8220;on|0px|0px|0px|0px&#8220; border_width_all=&#8220;2px&#8220; border_color_all=&#8220;#ffffff&#8220; border_color_all_image=&#8220;#ffffff&#8220; icon_font_size=&#8220;50px&#8220; global_colors_info=&#8220;{}&#8220;]\u00a0<br \/>\n[\/et_pb_blurb][\/et_pb_column][et_pb_column type=&#8220;1_3&#8243; _builder_version=&#8220;4.16&#8243; background_color=&#8220;#e7beb7&#8243; custom_padding=&#8220;|||&#8220; global_colors_info=&#8220;{}&#8220; custom_padding__hover=&#8220;|||&#8220;][et_pb_blurb title=&#8220;FAQ&#8220; url=&#8220;https:\/\/juliazieschang.de\/faq&#8220; use_icon=&#8220;on&#8220; font_icon=&#8220;&#xe007;||divi||400&#8243; icon_color=&#8220;#ffffff&#8220; image_icon_width=&#8220;50px&#8220; admin_label=&#8220;FAQ&#8220; _builder_version=&#8220;4.16&#8243; header_level=&#8220;h1&#8243; text_orientation=&#8220;center&#8220; background_layout=&#8220;dark&#8220; custom_margin=&#8220;15px|15px|15px|15px&#8220; custom_padding=&#8220;70px|0px|70px|0px&#8220; animation=&#8220;off&#8220; border_radii=&#8220;on|0px|0px|0px|0px&#8220; border_width_all=&#8220;2px&#8220; border_color_all=&#8220;#ffffff&#8220; border_color_all_image=&#8220;#ffffff&#8220; icon_font_size=&#8220;50px&#8220; global_colors_info=&#8220;{}&#8220;]\u00a0<br \/>\n[\/et_pb_blurb][\/et_pb_column][\/et_pb_row][\/et_pb_section][et_pb_section fb_built=&#8220;1&#8243; _builder_version=&#8220;4.16&#8243; background_color=&#8220;#504f5d&#8220; global_colors_info=&#8220;{}&#8220;][et_pb_row _builder_version=&#8220;3.0.92&#8243; background_size=&#8220;initial&#8220; background_position=&#8220;top_left&#8220; background_repeat=&#8220;repeat&#8220; global_module=&#8220;50977&#8243; global_colors_info=&#8220;{}&#8220;][et_pb_column type=&#8220;4_4&#8243; _builder_version=&#8220;4.16&#8243; custom_padding=&#8220;|||&#8220; global_colors_info=&#8220;{}&#8220; custom_padding__hover=&#8220;|||&#8220;][et_pb_text admin_label=&#8220;Autoren-Newsletter&#8220; _builder_version=&#8220;4.16&#8243; background_layout=&#8220;dark&#8220; global_colors_info=&#8220;{}&#8220;]<\/p>\n<h2 class=\"p1\" style=\"text-align: center;\">Autoren-Newsletter<\/h2>\n<p>[\/et_pb_text][et_pb_signup mailchimp_list=&#8220;Julia Zieschang|1f070c2b8d&#8220; last_name_field=&#8220;off&#8220; success_message=&#8220;Das hat geklappt, danke!&#8220; description=&#8220;<\/p>\n<p>Dir gefallen meine B\u00fccher und du m\u00f6chtest keine Neuerscheinung verpassen?\u00a0Dann melde dich jetzt f\u00fcr meinen Newsletter an!<\/p>\n<p>Au\u00dferdem bekommst du dein Passwort f\u00fcr meine VIP-Seite mit Bonus-Material zu meinen B\u00fcchern, wie zum Beispiel unver\u00f6ffentlichte Szenen und andere spannende Extras.<\/p>\n<p>(Wenn du keine E-Mails mehr erhalten m\u00f6chtest \u2013 kein Problem! In jeder befindet sich ein Abmelde-Link.)<\/p>\n<p>&#8220; admin_label=&#8220;Newsletter Sign-up&#8220; _builder_version=&#8220;4.16&#8243; header_level=&#8220;h1&#8243; body_text_color=&#8220;#ffffff&#8220; body_font_size=&#8220;16&#8243; use_background_color=&#8220;off&#8220; custom_button=&#8220;on&#8220; button_text_size=&#8220;16&#8243; button_text_color=&#8220;#ffffff&#8220; button_bg_color=&#8220;#e7beb7&#8243; button_border_color=&#8220;#e7beb7&#8243; button_font=&#8220;Poppins|500||on|||||&#8220; button_use_icon=&#8220;off&#8220; background_layout=&#8220;light&#8220; animation_style=&#8220;slide&#8220; animation_direction=&#8220;top&#8220; animation_intensity_slide=&#8220;6%&#8220; result_message_font_size_tablet=&#8220;51&#8243; result_message_line_height_tablet=&#8220;2&#8243; button_border_color_hover=&#8220;#333333&#8243; button_bg_color_hover=&#8220;#333333&#8243; global_colors_info=&#8220;{}&#8220; button_text_size__hover_enabled=&#8220;off&#8220; button_one_text_size__hover_enabled=&#8220;off&#8220; button_two_text_size__hover_enabled=&#8220;off&#8220; button_text_color__hover_enabled=&#8220;off&#8220; button_one_text_color__hover_enabled=&#8220;off&#8220; button_two_text_color__hover_enabled=&#8220;off&#8220; button_border_width__hover_enabled=&#8220;off&#8220; button_one_border_width__hover_enabled=&#8220;off&#8220; button_two_border_width__hover_enabled=&#8220;off&#8220; button_border_color__hover_enabled=&#8220;on&#8220; button_border_color__hover=&#8220;#333333&#8243; button_one_border_color__hover_enabled=&#8220;off&#8220; button_two_border_color__hover_enabled=&#8220;off&#8220; button_border_radius__hover_enabled=&#8220;off&#8220; button_one_border_radius__hover_enabled=&#8220;off&#8220; button_two_border_radius__hover_enabled=&#8220;off&#8220; button_letter_spacing__hover_enabled=&#8220;off&#8220; button_one_letter_spacing__hover_enabled=&#8220;off&#8220; button_two_letter_spacing__hover_enabled=&#8220;off&#8220; button_bg_color__hover_enabled=&#8220;on&#8220; button_bg_color__hover=&#8220;#333333&#8243; button_one_bg_color__hover_enabled=&#8220;off&#8220; button_two_bg_color__hover_enabled=&#8220;off&#8220;]<\/p>\n<p>Dir gefallen meine B\u00fccher und du m\u00f6chtest keine Neuerscheinung verpassen?\u00a0Dann melde dich jetzt f\u00fcr meinen Newsletter an!<\/p>\n<p>Au\u00dferdem bekommst du dein Passwort f\u00fcr meine VIP-Seite mit Bonus-Material zu meinen B\u00fcchern, wie zum Beispiel unver\u00f6ffentlichte Szenen und andere spannende Extras.<\/p>\n<p>(Wenn du keine E-Mails mehr erhalten m\u00f6chtest \u2013 kein Problem! In jeder befindet sich ein Abmelde-Link.)<\/p>\n<p>[\/et_pb_signup][\/et_pb_column][\/et_pb_row][\/et_pb_section]<\/p>\n","protected":false},"excerpt":{"rendered":"<p>PodcastB\u00fccher &amp; Sonntage &#8230; ist der Podcast f\u00fcr alle, die B\u00fccher lieben! G\u00e4ste des Podcasts sind u. a. Cornelia Funke, Sebastian Fitzek und Lars Amend. Hier findest du spannende Autoreninterviews, exklusive H\u00f6rproben und nat\u00fcrlich jede Menge Inspiration f\u00fcr deine n\u00e4chste Sonntagslekt\u00fcre. Jetzt den Podcast anh\u00f6ren auf: Aktuelles \u00a0 \u00a0 \u00a0 Autoren-NewsletterDir gefallen meine B\u00fccher und [&hellip;]<\/p>\n","protected":false},"author":3,"featured_media":51465,"parent":0,"menu_order":0,"comment_status":"closed","ping_status":"closed","template":"","meta":{"_et_pb_use_builder":"on","_et_pb_old_content":"","_et_gb_content_width":"","footnotes":""},"class_list":["post-51299","page","type-page","status-publish","has-post-thumbnail","hentry"],"yoast_head":"<!-- This site is optimized with the Yoast SEO plugin v27.3 - https:\/\/yoast.com\/product\/yoast-seo-wordpress\/ -->\n<title>Podcast - Julia Zieschang<\/title>\n<meta name=\"robots\" content=\"index, follow, max-snippet:-1, max-image-preview:large, max-video-preview:-1\" \/>\n<link rel=\"canonical\" href=\"https:\/\/juliazieschang.de\/en\/podcast\/\" \/>\n<meta property=\"og:locale\" content=\"en_US\" \/>\n<meta property=\"og:type\" content=\"article\" \/>\n<meta property=\"og:title\" content=\"Podcast - Julia Zieschang\" \/>\n<meta property=\"og:description\" content=\"PodcastB\u00fccher &amp; Sonntage ... ist der Podcast f\u00fcr alle, die B\u00fccher lieben! G\u00e4ste des Podcasts sind u. a. Cornelia Funke, Sebastian Fitzek und Lars Amend. Hier findest du spannende Autoreninterviews, exklusive H\u00f6rproben und nat\u00fcrlich jede Menge Inspiration f\u00fcr deine n\u00e4chste Sonntagslekt\u00fcre. Jetzt den Podcast anh\u00f6ren auf: Aktuelles \u00a0 \u00a0 \u00a0 Autoren-NewsletterDir gefallen meine B\u00fccher und [&hellip;]\" \/>\n<meta property=\"og:url\" content=\"https:\/\/juliazieschang.de\/en\/podcast\/\" \/>\n<meta property=\"og:site_name\" content=\"Julia Zieschang\" \/>\n<meta property=\"article:modified_time\" content=\"2025-01-24T17:49:29+00:00\" \/>\n<meta property=\"og:image\" content=\"https:\/\/juliazieschang.de\/wp-content\/uploads\/2021\/04\/Website-1-scaled-e1617744074563.jpg\" \/>\n\t<meta property=\"og:image:width\" content=\"2560\" \/>\n\t<meta property=\"og:image:height\" content=\"1593\" \/>\n\t<meta property=\"og:image:type\" content=\"image\/jpeg\" \/>\n<meta name=\"twitter:card\" content=\"summary_large_image\" \/>\n<meta name=\"twitter:label1\" content=\"Est. reading time\" \/>\n\t<meta name=\"twitter:data1\" content=\"8 minutes\" \/>\n<script type=\"application\/ld+json\" class=\"yoast-schema-graph\">{\"@context\":\"https:\\\/\\\/schema.org\",\"@graph\":[{\"@type\":\"WebPage\",\"@id\":\"https:\\\/\\\/juliazieschang.de\\\/podcast\",\"url\":\"https:\\\/\\\/juliazieschang.de\\\/podcast\",\"name\":\"Podcast - Julia Zieschang\",\"isPartOf\":{\"@id\":\"https:\\\/\\\/juliazieschang.de\\\/#website\"},\"primaryImageOfPage\":{\"@id\":\"https:\\\/\\\/juliazieschang.de\\\/podcast#primaryimage\"},\"image\":{\"@id\":\"https:\\\/\\\/juliazieschang.de\\\/podcast#primaryimage\"},\"thumbnailUrl\":\"https:\\\/\\\/juliazieschang.de\\\/wp-content\\\/uploads\\\/2021\\\/04\\\/Website-1-scaled-e1617744074563.jpg\",\"datePublished\":\"2019-12-27T14:39:33+00:00\",\"dateModified\":\"2025-01-24T17:49:29+00:00\",\"breadcrumb\":{\"@id\":\"https:\\\/\\\/juliazieschang.de\\\/podcast#breadcrumb\"},\"inLanguage\":\"en-US\",\"potentialAction\":[{\"@type\":\"ReadAction\",\"target\":[\"https:\\\/\\\/juliazieschang.de\\\/podcast\"]}]},{\"@type\":\"ImageObject\",\"inLanguage\":\"en-US\",\"@id\":\"https:\\\/\\\/juliazieschang.de\\\/podcast#primaryimage\",\"url\":\"https:\\\/\\\/juliazieschang.de\\\/wp-content\\\/uploads\\\/2021\\\/04\\\/Website-1-scaled-e1617744074563.jpg\",\"contentUrl\":\"https:\\\/\\\/juliazieschang.de\\\/wp-content\\\/uploads\\\/2021\\\/04\\\/Website-1-scaled-e1617744074563.jpg\",\"width\":2560,\"height\":1593,\"caption\":\"Julia Zieschang\"},{\"@type\":\"BreadcrumbList\",\"@id\":\"https:\\\/\\\/juliazieschang.de\\\/podcast#breadcrumb\",\"itemListElement\":[{\"@type\":\"ListItem\",\"position\":1,\"name\":\"Home\",\"item\":\"https:\\\/\\\/juliazieschang.de\\\/\"},{\"@type\":\"ListItem\",\"position\":2,\"name\":\"Podcast\"}]},{\"@type\":\"WebSite\",\"@id\":\"https:\\\/\\\/juliazieschang.de\\\/#website\",\"url\":\"https:\\\/\\\/juliazieschang.de\\\/\",\"name\":\"Julia Zieschang\",\"description\":\"Autorin romantischer Fantasyromane und humorvoller Jugendb\u00fccher\",\"potentialAction\":[{\"@type\":\"SearchAction\",\"target\":{\"@type\":\"EntryPoint\",\"urlTemplate\":\"https:\\\/\\\/juliazieschang.de\\\/?s={search_term_string}\"},\"query-input\":{\"@type\":\"PropertyValueSpecification\",\"valueRequired\":true,\"valueName\":\"search_term_string\"}}],\"inLanguage\":\"en-US\"}]}<\/script>\n<!-- \/ Yoast SEO plugin. -->","yoast_head_json":{"title":"Podcast - Julia Zieschang","robots":{"index":"index","follow":"follow","max-snippet":"max-snippet:-1","max-image-preview":"max-image-preview:large","max-video-preview":"max-video-preview:-1"},"canonical":"https:\/\/juliazieschang.de\/en\/podcast\/","og_locale":"en_US","og_type":"article","og_title":"Podcast - Julia Zieschang","og_description":"PodcastB\u00fccher &amp; Sonntage ... ist der Podcast f\u00fcr alle, die B\u00fccher lieben! G\u00e4ste des Podcasts sind u. a. Cornelia Funke, Sebastian Fitzek und Lars Amend. Hier findest du spannende Autoreninterviews, exklusive H\u00f6rproben und nat\u00fcrlich jede Menge Inspiration f\u00fcr deine n\u00e4chste Sonntagslekt\u00fcre. Jetzt den Podcast anh\u00f6ren auf: Aktuelles \u00a0 \u00a0 \u00a0 Autoren-NewsletterDir gefallen meine B\u00fccher und [&hellip;]","og_url":"https:\/\/juliazieschang.de\/en\/podcast\/","og_site_name":"Julia Zieschang","article_modified_time":"2025-01-24T17:49:29+00:00","og_image":[{"width":2560,"height":1593,"url":"https:\/\/juliazieschang.de\/wp-content\/uploads\/2021\/04\/Website-1-scaled-e1617744074563.jpg","type":"image\/jpeg"}],"twitter_card":"summary_large_image","twitter_misc":{"Est. reading time":"8 minutes"},"schema":{"@context":"https:\/\/schema.org","@graph":[{"@type":"WebPage","@id":"https:\/\/juliazieschang.de\/podcast","url":"https:\/\/juliazieschang.de\/podcast","name":"Podcast - Julia Zieschang","isPartOf":{"@id":"https:\/\/juliazieschang.de\/#website"},"primaryImageOfPage":{"@id":"https:\/\/juliazieschang.de\/podcast#primaryimage"},"image":{"@id":"https:\/\/juliazieschang.de\/podcast#primaryimage"},"thumbnailUrl":"https:\/\/juliazieschang.de\/wp-content\/uploads\/2021\/04\/Website-1-scaled-e1617744074563.jpg","datePublished":"2019-12-27T14:39:33+00:00","dateModified":"2025-01-24T17:49:29+00:00","breadcrumb":{"@id":"https:\/\/juliazieschang.de\/podcast#breadcrumb"},"inLanguage":"en-US","potentialAction":[{"@type":"ReadAction","target":["https:\/\/juliazieschang.de\/podcast"]}]},{"@type":"ImageObject","inLanguage":"en-US","@id":"https:\/\/juliazieschang.de\/podcast#primaryimage","url":"https:\/\/juliazieschang.de\/wp-content\/uploads\/2021\/04\/Website-1-scaled-e1617744074563.jpg","contentUrl":"https:\/\/juliazieschang.de\/wp-content\/uploads\/2021\/04\/Website-1-scaled-e1617744074563.jpg","width":2560,"height":1593,"caption":"Julia Zieschang"},{"@type":"BreadcrumbList","@id":"https:\/\/juliazieschang.de\/podcast#breadcrumb","itemListElement":[{"@type":"ListItem","position":1,"name":"Home","item":"https:\/\/juliazieschang.de\/"},{"@type":"ListItem","position":2,"name":"Podcast"}]},{"@type":"WebSite","@id":"https:\/\/juliazieschang.de\/#website","url":"https:\/\/juliazieschang.de\/","name":"Julia Zieschang","description":"Autorin romantischer Fantasyromane und humorvoller Jugendb\u00fccher","potentialAction":[{"@type":"SearchAction","target":{"@type":"EntryPoint","urlTemplate":"https:\/\/juliazieschang.de\/?s={search_term_string}"},"query-input":{"@type":"PropertyValueSpecification","valueRequired":true,"valueName":"search_term_string"}}],"inLanguage":"en-US"}]}},"_links":{"self":[{"href":"https:\/\/juliazieschang.de\/en\/wp-json\/wp\/v2\/pages\/51299","targetHints":{"allow":["GET"]}}],"collection":[{"href":"https:\/\/juliazieschang.de\/en\/wp-json\/wp\/v2\/pages"}],"about":[{"href":"https:\/\/juliazieschang.de\/en\/wp-json\/wp\/v2\/types\/page"}],"author":[{"embeddable":true,"href":"https:\/\/juliazieschang.de\/en\/wp-json\/wp\/v2\/users\/3"}],"replies":[{"embeddable":true,"href":"https:\/\/juliazieschang.de\/en\/wp-json\/wp\/v2\/comments?post=51299"}],"version-history":[{"count":0,"href":"https:\/\/juliazieschang.de\/en\/wp-json\/wp\/v2\/pages\/51299\/revisions"}],"wp:featuredmedia":[{"embeddable":true,"href":"https:\/\/juliazieschang.de\/en\/wp-json\/wp\/v2\/media\/51465"}],"wp:attachment":[{"href":"https:\/\/juliazieschang.de\/en\/wp-json\/wp\/v2\/media?parent=51299"}],"curies":[{"name":"wp","href":"https:\/\/api.w.org\/{rel}","templated":true}]}}